{"id":3091,"date":"2019-09-27T11:30:18","date_gmt":"2019-09-27T11:30:18","guid":{"rendered":"https:\/\/www.clg.cz\/?page_id=3091"},"modified":"2024-04-24T12:51:23","modified_gmt":"2024-04-24T12:51:23","slug":"4d-ultrasound","status":"publish","type":"page","link":"https:\/\/www.clg.cz\/en\/4d-ultrasound\/","title":{"rendered":"4D Ultrasound"},"content":{"rendered":"<p>[vc_row full_width=&#8221;0&#8243; full_height=&#8221;0&#8243; particles=&#8221;0&#8243; css=&#8221;.vc_custom_1568290691567{padding-bottom: 60px !important;}&#8221;][vc_column][vc_column_text]Our centre offers <strong>4D ultrasound of the fetus<\/strong> at the request of a pregnant woman. It is a non-medical act and is performed by our nurses. It is only the computer image reconstruction, the ultrasound is not used to search for birth defects.\u00a0<strong>The price of 4D ultrasound is CZK 1,800<\/strong> and the pregnant woman receives a USB flash disc recording and photo of the fetus. The examination takes about half an hour, the display quality depends on the position of the fetus and the amount of amniotic fluid. Getting a 4D ultrasound in the case of singleton pregnancy is ideal between weeks 27 to 28 of pregnancy and in the case of twins, getting a 4D ultrasound is appropriate in week 26 of pregnancy.[\/vc_column_text][\/vc_column][\/vc_row][vc_row align=&#8221;center&#8221; full_width=&#8221;0&#8243; full_height=&#8221;0&#8243; particles=&#8221;0&#8243; css=&#8221;.vc_custom_1568290668375{padding-top: 0px !important;}&#8221;][vc_column width=&#8221;1\/6&#8243; heading_align=&#8221;text-center&#8221; align=&#8221;center&#8221;][\/vc_column][vc_column width=&#8221;2\/3&#8243;][vc_gallery type=&#8221;image_grid&#8221; images=&#8221;2709,2708,2707,2706&#8243;][\/vc_column][vc_column width=&#8221;1\/6&#8243;][\/vc_column][\/vc_row]<\/p>\n","protected":false},"excerpt":{"rendered":"<p>[vc_row full_width=&#8221;0&#8243; full_height=&#8221;0&#8243; particles=&#8221;0&#8243; css=&#8221;.vc_custom_1568290691567{padding-bottom: 60px !important;}&#8221;][vc_column][vc_column_text]Our centre offers 4D ultrasound of the fetus at the request of a pregnant woman. It is a non-medical act and is performed by our nurses. It is only the computer image reconstruction, the ultrasound is not used to search for birth defects.\u00a0The price of 4D ultrasound is CZK [&hellip;]<\/p>\n","protected":false},"author":6,"featured_media":0,"parent":0,"menu_order":0,"comment_status":"closed","ping_status":"closed","template":"","meta":{"footnotes":""},"class_list":["post-3091","page","type-page","status-publish","hentry"],"yoast_head":"<!-- This site is optimized with the Yoast SEO plugin v27.4 - https:\/\/yoast.com\/product\/yoast-seo-wordpress\/ -->\n<title>4D Ultrasound - Centrum l\u00e9ka\u0159sk\u00e9m genetiky - MUDr. David \u010cutka<\/title>\n<meta name=\"robots\" content=\"index, follow, max-snippet:-1, max-image-preview:large, max-video-preview:-1\" \/>\n<link rel=\"canonical\" href=\"https:\/\/www.clg.cz\/en\/4d-ultrasound\/\" \/>\n<meta property=\"og:locale\" content=\"en_US\" \/>\n<meta property=\"og:type\" content=\"article\" \/>\n<meta property=\"og:title\" content=\"4D Ultrasound - Centrum l\u00e9ka\u0159sk\u00e9m genetiky - MUDr. David \u010cutka\" \/>\n<meta property=\"og:description\" content=\"[vc_row full_width=&#8221;0&#8243; full_height=&#8221;0&#8243; particles=&#8221;0&#8243; css=&#8221;.vc_custom_1568290691567{padding-bottom: 60px !important;}&#8221;][vc_column][vc_column_text]Our centre offers 4D ultrasound of the fetus at the request of a pregnant woman. It is a non-medical act and is performed by our nurses. It is only the computer image reconstruction, the ultrasound is not used to search for birth defects.\u00a0The price of 4D ultrasound is CZK [&hellip;]\" \/>\n<meta property=\"og:url\" content=\"https:\/\/www.clg.cz\/en\/4d-ultrasound\/\" \/>\n<meta property=\"og:site_name\" content=\"Centrum l\u00e9ka\u0159sk\u00e9m genetiky - MUDr. David \u010cutka\" \/>\n<meta property=\"article:modified_time\" content=\"2024-04-24T12:51:23+00:00\" \/>\n<meta name=\"twitter:card\" content=\"summary_large_image\" \/>\n<meta name=\"twitter:label1\" content=\"Est. reading time\" \/>\n\t<meta name=\"twitter:data1\" content=\"2 minutes\" \/>\n<script type=\"application\/ld+json\" class=\"yoast-schema-graph\">{\"@context\":\"https:\\\/\\\/schema.org\",\"@graph\":[{\"@type\":\"WebPage\",\"@id\":\"https:\\\/\\\/www.clg.cz\\\/en\\\/4d-ultrasound\\\/\",\"url\":\"https:\\\/\\\/www.clg.cz\\\/en\\\/4d-ultrasound\\\/\",\"name\":\"4D Ultrasound - Centrum l\u00e9ka\u0159sk\u00e9m genetiky - MUDr. David \u010cutka\",\"isPartOf\":{\"@id\":\"https:\\\/\\\/www.clg.cz\\\/#website\"},\"datePublished\":\"2019-09-27T11:30:18+00:00\",\"dateModified\":\"2024-04-24T12:51:23+00:00\",\"breadcrumb\":{\"@id\":\"https:\\\/\\\/www.clg.cz\\\/en\\\/4d-ultrasound\\\/#breadcrumb\"},\"inLanguage\":\"en-US\",\"potentialAction\":[{\"@type\":\"ReadAction\",\"target\":[\"https:\\\/\\\/www.clg.cz\\\/en\\\/4d-ultrasound\\\/\"]}]},{\"@type\":\"BreadcrumbList\",\"@id\":\"https:\\\/\\\/www.clg.cz\\\/en\\\/4d-ultrasound\\\/#breadcrumb\",\"itemListElement\":[{\"@type\":\"ListItem\",\"position\":1,\"name\":\"Dom\u016f\",\"item\":\"https:\\\/\\\/www.clg.cz\\\/en\\\/\"},{\"@type\":\"ListItem\",\"position\":2,\"name\":\"4D Ultrasound\"}]},{\"@type\":\"WebSite\",\"@id\":\"https:\\\/\\\/www.clg.cz\\\/#website\",\"url\":\"https:\\\/\\\/www.clg.cz\\\/\",\"name\":\"Centrum l\u00e9ka\u0159sk\u00e9m genetiky - MUDr. Karel \u010cutka, MUDr. David \u010cutka\",\"description\":\"\",\"potentialAction\":[{\"@type\":\"SearchAction\",\"target\":{\"@type\":\"EntryPoint\",\"urlTemplate\":\"https:\\\/\\\/www.clg.cz\\\/?s={search_term_string}\"},\"query-input\":{\"@type\":\"PropertyValueSpecification\",\"valueRequired\":true,\"valueName\":\"search_term_string\"}}],\"inLanguage\":\"en-US\"}]}<\/script>\n<!-- \/ Yoast SEO plugin. -->","yoast_head_json":{"title":"4D Ultrasound - Centrum l\u00e9ka\u0159sk\u00e9m genetiky - MUDr. David \u010cutka","robots":{"index":"index","follow":"follow","max-snippet":"max-snippet:-1","max-image-preview":"max-image-preview:large","max-video-preview":"max-video-preview:-1"},"canonical":"https:\/\/www.clg.cz\/en\/4d-ultrasound\/","og_locale":"en_US","og_type":"article","og_title":"4D Ultrasound - Centrum l\u00e9ka\u0159sk\u00e9m genetiky - MUDr. David \u010cutka","og_description":"[vc_row full_width=&#8221;0&#8243; full_height=&#8221;0&#8243; particles=&#8221;0&#8243; css=&#8221;.vc_custom_1568290691567{padding-bottom: 60px !important;}&#8221;][vc_column][vc_column_text]Our centre offers 4D ultrasound of the fetus at the request of a pregnant woman. It is a non-medical act and is performed by our nurses. It is only the computer image reconstruction, the ultrasound is not used to search for birth defects.\u00a0The price of 4D ultrasound is CZK [&hellip;]","og_url":"https:\/\/www.clg.cz\/en\/4d-ultrasound\/","og_site_name":"Centrum l\u00e9ka\u0159sk\u00e9m genetiky - MUDr. David \u010cutka","article_modified_time":"2024-04-24T12:51:23+00:00","twitter_card":"summary_large_image","twitter_misc":{"Est. reading time":"2 minutes"},"schema":{"@context":"https:\/\/schema.org","@graph":[{"@type":"WebPage","@id":"https:\/\/www.clg.cz\/en\/4d-ultrasound\/","url":"https:\/\/www.clg.cz\/en\/4d-ultrasound\/","name":"4D Ultrasound - Centrum l\u00e9ka\u0159sk\u00e9m genetiky - MUDr. David \u010cutka","isPartOf":{"@id":"https:\/\/www.clg.cz\/#website"},"datePublished":"2019-09-27T11:30:18+00:00","dateModified":"2024-04-24T12:51:23+00:00","breadcrumb":{"@id":"https:\/\/www.clg.cz\/en\/4d-ultrasound\/#breadcrumb"},"inLanguage":"en-US","potentialAction":[{"@type":"ReadAction","target":["https:\/\/www.clg.cz\/en\/4d-ultrasound\/"]}]},{"@type":"BreadcrumbList","@id":"https:\/\/www.clg.cz\/en\/4d-ultrasound\/#breadcrumb","itemListElement":[{"@type":"ListItem","position":1,"name":"Dom\u016f","item":"https:\/\/www.clg.cz\/en\/"},{"@type":"ListItem","position":2,"name":"4D Ultrasound"}]},{"@type":"WebSite","@id":"https:\/\/www.clg.cz\/#website","url":"https:\/\/www.clg.cz\/","name":"Centrum l\u00e9ka\u0159sk\u00e9m genetiky - MUDr. Karel \u010cutka, MUDr. David \u010cutka","description":"","potentialAction":[{"@type":"SearchAction","target":{"@type":"EntryPoint","urlTemplate":"https:\/\/www.clg.cz\/?s={search_term_string}"},"query-input":{"@type":"PropertyValueSpecification","valueRequired":true,"valueName":"search_term_string"}}],"inLanguage":"en-US"}]}},"_links":{"self":[{"href":"https:\/\/www.clg.cz\/en\/wp-json\/wp\/v2\/pages\/3091","targetHints":{"allow":["GET"]}}],"collection":[{"href":"https:\/\/www.clg.cz\/en\/wp-json\/wp\/v2\/pages"}],"about":[{"href":"https:\/\/www.clg.cz\/en\/wp-json\/wp\/v2\/types\/page"}],"author":[{"embeddable":true,"href":"https:\/\/www.clg.cz\/en\/wp-json\/wp\/v2\/users\/6"}],"replies":[{"embeddable":true,"href":"https:\/\/www.clg.cz\/en\/wp-json\/wp\/v2\/comments?post=3091"}],"version-history":[{"count":5,"href":"https:\/\/www.clg.cz\/en\/wp-json\/wp\/v2\/pages\/3091\/revisions"}],"predecessor-version":[{"id":3825,"href":"https:\/\/www.clg.cz\/en\/wp-json\/wp\/v2\/pages\/3091\/revisions\/3825"}],"wp:attachment":[{"href":"https:\/\/www.clg.cz\/en\/wp-json\/wp\/v2\/media?parent=3091"}],"curies":[{"name":"wp","href":"https:\/\/api.w.org\/{rel}","templated":true}]}}