{"id":3113,"date":"2019-09-27T12:46:19","date_gmt":"2019-09-27T12:46:19","guid":{"rendered":"https:\/\/www.clg.cz\/?page_id=3113"},"modified":"2025-11-10T09:48:58","modified_gmt":"2025-11-10T09:48:58","slug":"specialized-ultrasound-examination-of-the-fetus-in-the-first-trimester","status":"publish","type":"page","link":"https:\/\/www.clg.cz\/en\/specialized-ultrasound-examination-of-the-fetus-in-the-first-trimester\/","title":{"rendered":"Specialized ultrasound examination of the fetus in the first trimester"},"content":{"rendered":"<p>[vc_row][vc_column][vc_column_text]<span lang=\"EN-GB\">Ultrasound examination of the fetus to detect congenital defects and chromosomal disorders<\/span><\/p>\n<p><strong>First trimester &#8211; nuchal translucency (NT) scanning by an accredited sonographer (week 13)<\/strong><\/p>\n<p><strong>Nuchal translucency (NT)<\/strong> measurement and ultrasound examination for the most common fetal morphological defects can be performed at our accredited centre certified by the FMF London at the patient\u2019s own request. Examination at our accredited FMF London centre increases the detection rate of Down syndrome up to 95%, reduces the need for invasive procedures (amniocentesis or chorionic villus sampling), and enables earlier detection of congenital defects. It is possible to calculate the risk, for example, of Down syndrome as early as in the first trimester (week 13); in case of high risk, it is possible to perform chorionic villus sampling &#8211; CVS (taking a sample of the placenta) and Array CGH analysis. For patients with a moderately increased risk and normal ultrasound finding, it is possible to perform non-invasive testing (NIPT). For all other patients (i.e. for all women who have not undergone sampling of the placenta in the first trimester or NIPT), it is recommended to add the collection for AFP, HCG, uE3 from week 14+0 of pregnancy by their gynaecologist &#8211; i.e. perform a complete integrated sequential test!<\/p>\n<p>The nuchal translucency (NT) scanning and the sequential integrated test increase the <strong>detection rate of Down syndrome to 95%<\/strong> (sequential integrated test including NT). The biochemical integrated test without NT has a detection rate of 90% (serum integrated test).<br \/>\n<strong>The integrated test has a higher detection rate for Down syndrome than the combined test in the first trimester (by 5-10%).<\/strong> In addition, it also includes the AFP, i.e. detects also spina bifida and abdominal wall defects.<\/p>\n<p data-start=\"1989\" data-end=\"2163\"><strong data-start=\"1989\" data-end=\"2161\">Examination at the patient\u2019s own request, including screening for preeclampsia and fetal growth restriction (the most common pregnancy complications) \u2013 price CZK 2,200.<\/strong><\/p>\n<p data-start=\"2165\" data-end=\"2245\">The examination price includes <strong data-start=\"2196\" data-end=\"2243\">2 black-and-white photographs of the fetus.<\/strong><\/p>\n<p>The nuchal translucency (NT) scanning <strong>is covered by health insurance<\/strong> for examination due to <strong>medical indication<\/strong>.[\/vc_column_text][\/vc_column][\/vc_row]<\/p>\n","protected":false},"excerpt":{"rendered":"<p>[vc_row][vc_column][vc_column_text]Ultrasound examination of the fetus to detect congenital defects and chromosomal disorders First trimester &#8211; nuchal translucency (NT) scanning by an accredited sonographer (week 13) Nuchal translucency (NT) measurement and ultrasound examination for the most common fetal morphological defects can be performed at our accredited centre certified by the FMF London at the patient\u2019s own [&hellip;]<\/p>\n","protected":false},"author":6,"featured_media":0,"parent":0,"menu_order":0,"comment_status":"closed","ping_status":"closed","template":"","meta":{"footnotes":""},"class_list":["post-3113","page","type-page","status-publish","hentry"],"yoast_head":"<!-- This site is optimized with the Yoast SEO plugin v27.4 - https:\/\/yoast.com\/product\/yoast-seo-wordpress\/ -->\n<title>Specialized ultrasound examination of the fetus in the first trimester - Centrum l\u00e9ka\u0159sk\u00e9m genetiky - MUDr. David \u010cutka<\/title>\n<meta name=\"robots\" content=\"index, follow, max-snippet:-1, max-image-preview:large, max-video-preview:-1\" \/>\n<link rel=\"canonical\" href=\"https:\/\/www.clg.cz\/en\/specialized-ultrasound-examination-of-the-fetus-in-the-first-trimester\/\" \/>\n<meta property=\"og:locale\" content=\"en_US\" \/>\n<meta property=\"og:type\" content=\"article\" \/>\n<meta property=\"og:title\" content=\"Specialized ultrasound examination of the fetus in the first trimester - Centrum l\u00e9ka\u0159sk\u00e9m genetiky - MUDr. David \u010cutka\" \/>\n<meta property=\"og:description\" content=\"[vc_row][vc_column][vc_column_text]Ultrasound examination of the fetus to detect congenital defects and chromosomal disorders First trimester &#8211; nuchal translucency (NT) scanning by an accredited sonographer (week 13) Nuchal translucency (NT) measurement and ultrasound examination for the most common fetal morphological defects can be performed at our accredited centre certified by the FMF London at the patient\u2019s own [&hellip;]\" \/>\n<meta property=\"og:url\" content=\"https:\/\/www.clg.cz\/en\/specialized-ultrasound-examination-of-the-fetus-in-the-first-trimester\/\" \/>\n<meta property=\"og:site_name\" content=\"Centrum l\u00e9ka\u0159sk\u00e9m genetiky - MUDr. David \u010cutka\" \/>\n<meta property=\"article:modified_time\" content=\"2025-11-10T09:48:58+00:00\" \/>\n<meta name=\"twitter:card\" content=\"summary_large_image\" \/>\n<meta name=\"twitter:label1\" content=\"Est. reading time\" \/>\n\t<meta name=\"twitter:data1\" content=\"2 minutes\" \/>\n<script type=\"application\/ld+json\" class=\"yoast-schema-graph\">{\"@context\":\"https:\\\/\\\/schema.org\",\"@graph\":[{\"@type\":\"WebPage\",\"@id\":\"https:\\\/\\\/www.clg.cz\\\/en\\\/specialized-ultrasound-examination-of-the-fetus-in-the-first-trimester\\\/\",\"url\":\"https:\\\/\\\/www.clg.cz\\\/en\\\/specialized-ultrasound-examination-of-the-fetus-in-the-first-trimester\\\/\",\"name\":\"Specialized ultrasound examination of the fetus in the first trimester - Centrum l\u00e9ka\u0159sk\u00e9m genetiky - MUDr. David \u010cutka\",\"isPartOf\":{\"@id\":\"https:\\\/\\\/www.clg.cz\\\/#website\"},\"datePublished\":\"2019-09-27T12:46:19+00:00\",\"dateModified\":\"2025-11-10T09:48:58+00:00\",\"breadcrumb\":{\"@id\":\"https:\\\/\\\/www.clg.cz\\\/en\\\/specialized-ultrasound-examination-of-the-fetus-in-the-first-trimester\\\/#breadcrumb\"},\"inLanguage\":\"en-US\",\"potentialAction\":[{\"@type\":\"ReadAction\",\"target\":[\"https:\\\/\\\/www.clg.cz\\\/en\\\/specialized-ultrasound-examination-of-the-fetus-in-the-first-trimester\\\/\"]}]},{\"@type\":\"BreadcrumbList\",\"@id\":\"https:\\\/\\\/www.clg.cz\\\/en\\\/specialized-ultrasound-examination-of-the-fetus-in-the-first-trimester\\\/#breadcrumb\",\"itemListElement\":[{\"@type\":\"ListItem\",\"position\":1,\"name\":\"Dom\u016f\",\"item\":\"https:\\\/\\\/www.clg.cz\\\/en\\\/\"},{\"@type\":\"ListItem\",\"position\":2,\"name\":\"Specialized ultrasound examination of the fetus in the first trimester\"}]},{\"@type\":\"WebSite\",\"@id\":\"https:\\\/\\\/www.clg.cz\\\/#website\",\"url\":\"https:\\\/\\\/www.clg.cz\\\/\",\"name\":\"Centrum l\u00e9ka\u0159sk\u00e9m genetiky - MUDr. Karel \u010cutka, MUDr. David \u010cutka\",\"description\":\"\",\"potentialAction\":[{\"@type\":\"SearchAction\",\"target\":{\"@type\":\"EntryPoint\",\"urlTemplate\":\"https:\\\/\\\/www.clg.cz\\\/?s={search_term_string}\"},\"query-input\":{\"@type\":\"PropertyValueSpecification\",\"valueRequired\":true,\"valueName\":\"search_term_string\"}}],\"inLanguage\":\"en-US\"}]}<\/script>\n<!-- \/ Yoast SEO plugin. -->","yoast_head_json":{"title":"Specialized ultrasound examination of the fetus in the first trimester - Centrum l\u00e9ka\u0159sk\u00e9m genetiky - MUDr. David \u010cutka","robots":{"index":"index","follow":"follow","max-snippet":"max-snippet:-1","max-image-preview":"max-image-preview:large","max-video-preview":"max-video-preview:-1"},"canonical":"https:\/\/www.clg.cz\/en\/specialized-ultrasound-examination-of-the-fetus-in-the-first-trimester\/","og_locale":"en_US","og_type":"article","og_title":"Specialized ultrasound examination of the fetus in the first trimester - Centrum l\u00e9ka\u0159sk\u00e9m genetiky - MUDr. David \u010cutka","og_description":"[vc_row][vc_column][vc_column_text]Ultrasound examination of the fetus to detect congenital defects and chromosomal disorders First trimester &#8211; nuchal translucency (NT) scanning by an accredited sonographer (week 13) Nuchal translucency (NT) measurement and ultrasound examination for the most common fetal morphological defects can be performed at our accredited centre certified by the FMF London at the patient\u2019s own [&hellip;]","og_url":"https:\/\/www.clg.cz\/en\/specialized-ultrasound-examination-of-the-fetus-in-the-first-trimester\/","og_site_name":"Centrum l\u00e9ka\u0159sk\u00e9m genetiky - MUDr. David \u010cutka","article_modified_time":"2025-11-10T09:48:58+00:00","twitter_card":"summary_large_image","twitter_misc":{"Est. reading time":"2 minutes"},"schema":{"@context":"https:\/\/schema.org","@graph":[{"@type":"WebPage","@id":"https:\/\/www.clg.cz\/en\/specialized-ultrasound-examination-of-the-fetus-in-the-first-trimester\/","url":"https:\/\/www.clg.cz\/en\/specialized-ultrasound-examination-of-the-fetus-in-the-first-trimester\/","name":"Specialized ultrasound examination of the fetus in the first trimester - Centrum l\u00e9ka\u0159sk\u00e9m genetiky - MUDr. David \u010cutka","isPartOf":{"@id":"https:\/\/www.clg.cz\/#website"},"datePublished":"2019-09-27T12:46:19+00:00","dateModified":"2025-11-10T09:48:58+00:00","breadcrumb":{"@id":"https:\/\/www.clg.cz\/en\/specialized-ultrasound-examination-of-the-fetus-in-the-first-trimester\/#breadcrumb"},"inLanguage":"en-US","potentialAction":[{"@type":"ReadAction","target":["https:\/\/www.clg.cz\/en\/specialized-ultrasound-examination-of-the-fetus-in-the-first-trimester\/"]}]},{"@type":"BreadcrumbList","@id":"https:\/\/www.clg.cz\/en\/specialized-ultrasound-examination-of-the-fetus-in-the-first-trimester\/#breadcrumb","itemListElement":[{"@type":"ListItem","position":1,"name":"Dom\u016f","item":"https:\/\/www.clg.cz\/en\/"},{"@type":"ListItem","position":2,"name":"Specialized ultrasound examination of the fetus in the first trimester"}]},{"@type":"WebSite","@id":"https:\/\/www.clg.cz\/#website","url":"https:\/\/www.clg.cz\/","name":"Centrum l\u00e9ka\u0159sk\u00e9m genetiky - MUDr. Karel \u010cutka, MUDr. David \u010cutka","description":"","potentialAction":[{"@type":"SearchAction","target":{"@type":"EntryPoint","urlTemplate":"https:\/\/www.clg.cz\/?s={search_term_string}"},"query-input":{"@type":"PropertyValueSpecification","valueRequired":true,"valueName":"search_term_string"}}],"inLanguage":"en-US"}]}},"_links":{"self":[{"href":"https:\/\/www.clg.cz\/en\/wp-json\/wp\/v2\/pages\/3113","targetHints":{"allow":["GET"]}}],"collection":[{"href":"https:\/\/www.clg.cz\/en\/wp-json\/wp\/v2\/pages"}],"about":[{"href":"https:\/\/www.clg.cz\/en\/wp-json\/wp\/v2\/types\/page"}],"author":[{"embeddable":true,"href":"https:\/\/www.clg.cz\/en\/wp-json\/wp\/v2\/users\/6"}],"replies":[{"embeddable":true,"href":"https:\/\/www.clg.cz\/en\/wp-json\/wp\/v2\/comments?post=3113"}],"version-history":[{"count":6,"href":"https:\/\/www.clg.cz\/en\/wp-json\/wp\/v2\/pages\/3113\/revisions"}],"predecessor-version":[{"id":3960,"href":"https:\/\/www.clg.cz\/en\/wp-json\/wp\/v2\/pages\/3113\/revisions\/3960"}],"wp:attachment":[{"href":"https:\/\/www.clg.cz\/en\/wp-json\/wp\/v2\/media?parent=3113"}],"curies":[{"name":"wp","href":"https:\/\/api.w.org\/{rel}","templated":true}]}}