{"id":3118,"date":"2019-09-27T12:53:05","date_gmt":"2019-09-27T12:53:05","guid":{"rendered":"https:\/\/www.clg.cz\/?page_id=3118"},"modified":"2019-09-27T14:22:32","modified_gmt":"2019-09-27T14:22:32","slug":"mudr-david-cutka","status":"publish","type":"page","link":"https:\/\/www.clg.cz\/en\/mudr-david-cutka\/","title":{"rendered":"MUDR. DAVID \u010cUTKA"},"content":{"rendered":"<p>[vc_row][vc_column width=&#8221;1\/3&#8243;][vc_single_image image=&#8221;2169&#8243; img_size=&#8221;medium&#8221; alignment=&#8221;center&#8221;][vc_column_text]<\/p>\n<h3 style=\"text-align: center;\">MUDr. David\u00a0\u010cutka<\/h3>\n<p style=\"text-align: center;\">Head physician<\/p>\n<p>[\/vc_column_text][\/vc_column][vc_column width=&#8221;2\/3&#8243;][vc_column_text]Born in 1977 in\u00a0\u010cesk\u00fd Krumlov. In 1995, he graduated from the J. V. Jirs\u00edk Grammar School, \u010cesk\u00e9 Bud\u011bjovice. He studied at the First Faculty of Medicine of Charles University, Prague, with graduation in 2001. Afterwards, he worked on a long-term basis in the Department of Gynecology and Obstetrics of the Hospital in \u010cesk\u00fd Krumlov with practice in gynecology and obstetrics. Since 2004, he has been working in a private medical facility Centre for Medical Genetics Ltd., \u010cesk\u00e9 Bud\u011bjovice, focused on prenatal diagnosis, clinical genetics, medical genetics laboratory. In 2004, he obtained the certificate of the first degree in gynecology and obstetrics, and in 2006, he obtained the certificate in medical genetics. In 2016, he obtained the license for the exercise of the function of Chief Physician and Head of Department in the field of medical genetics. He is a long-term holder of the certificate of the Czech Gynecological and Obstetrical Society of the Czech Medical Society of J. E. Purkyne to report the act 63415 \u201cSuperconsiliary ultrasound examination during prenatal care\u201d. Furthermore, he is the holder of the international certificate for ultrasound examination in weeks 12 to 14 of pregnancy (NT scans) and ultrasound screening in weeks 18 to 23 of pregnancy under the auspices of the Fetal Medicine Foundation, based in London.[\/vc_column_text][\/vc_column][\/vc_row][vc_row full_width=&#8221;0&#8243; full_height=&#8221;0&#8243; particles=&#8221;0&#8243; css=&#8221;.vc_custom_1489755519787{padding-top: 0px !important;}&#8221;][vc_column][vc_text_separator title=&#8221;EDUCATION&#8221; title_align=&#8221;separator_align_left&#8221; align=&#8221;align_right&#8221; color=&#8221;black&#8221;][vc_column_text]First Faculty of Medicine of Charles University, Prague (2001)<\/p>\n<p>Attestation of the First Degree of Gynecology and Obstetrics (2004) &#8211; \u201cSpecialization in Gynecology and Obstetrics of the First Degree\u201d<\/p>\n<p>Attestation in Medical Genetics (2006) &#8211; \u201cDiploma in Specialization for the Practice of the Profession of Doctor in Medical Genetics\u201d<\/p>\n<p>License for the exercise of the function of Chief Physician and Head of Department in the field of medical genetics (2016)[\/vc_column_text][\/vc_column][\/vc_row][vc_row align=&#8221;text-center&#8221; full_width=&#8221;0&#8243; full_height=&#8221;0&#8243; particles=&#8221;0&#8243; css=&#8221;.vc_custom_1489755531146{padding-top: 0px !important;}&#8221;][vc_column][vc_text_separator title=&#8221;COLLEAGUES&#8221; title_align=&#8221;separator_align_left&#8221; align=&#8221;align_right&#8221; color=&#8221;black&#8221;][vc_row_inner equal_height=&#8221;yes&#8221;][vc_column_inner width=&#8221;1\/12&#8243;][\/vc_column_inner][vc_column_inner width=&#8221;1\/6&#8243;][vc_single_image image=&#8221;2172&#8243; img_size=&#8221;medium&#8221; alignment=&#8221;center&#8221; onclick=&#8221;custom_link&#8221; link=&#8221;https:\/\/www.clg.cz\/en\/mudr-karel-cutka\/&#8221;][vc_empty_space][vc_column_text]<\/p>\n<p style=\"text-align: center;\"><a href=\"https:\/\/www.clg.cz\/en\/mudr-karel-cutka\/\">MUDr. Karel\u00a0\u010cutka<\/a><\/p>\n<p>[\/vc_column_text][\/vc_column_inner][vc_column_inner width=&#8221;1\/6&#8243;][vc_single_image image=&#8221;2170&#8243; img_size=&#8221;medium&#8221; alignment=&#8221;center&#8221; onclick=&#8221;custom_link&#8221; link=&#8221;https:\/\/www.clg.cz\/en\/mudr-milada-lacinova\/&#8221;][vc_empty_space][vc_column_text]<\/p>\n<p style=\"text-align: center;\"><a href=\"https:\/\/www.clg.cz\/en\/mudr-milada-lacinova\/\">MUDr.\u00a0Milada Lacinov\u00e1<\/a><\/p>\n<p>[\/vc_column_text][\/vc_column_inner][vc_column_inner width=&#8221;1\/6&#8243;][vc_single_image image=&#8221;2463&#8243; img_size=&#8221;medium&#8221; onclick=&#8221;custom_link&#8221; link=&#8221;https:\/\/www.clg.cz\/en\/mudr-martina-michalova\/&#8221;][vc_empty_space][vc_column_text]<\/p>\n<p style=\"text-align: center;\"><a href=\"https:\/\/www.clg.cz\/en\/mudr-martina-michalova\/\">MUDr.\u00a0Martina Michalov\u00e1<\/a><\/p>\n<p>[\/vc_column_text][\/vc_column_inner][vc_column_inner width=&#8221;1\/6&#8243;][vc_single_image image=&#8221;2462&#8243; img_size=&#8221;medium&#8221; alignment=&#8221;center&#8221; onclick=&#8221;custom_link&#8221; link=&#8221;https:\/\/www.clg.cz\/en\/ing-marketa-lysa\/&#8221;][vc_empty_space][vc_column_text]<\/p>\n<p style=\"text-align: center;\"><a href=\"https:\/\/www.clg.cz\/en\/ing-marketa-lysa\/\">Ing. Mark\u00e9ta Lys\u00e1<\/a><\/p>\n<p>[\/vc_column_text][\/vc_column_inner][vc_column_inner width=&#8221;1\/6&#8243;][vc_single_image image=&#8221;2461&#8243; img_size=&#8221;medium&#8221; alignment=&#8221;center&#8221; onclick=&#8221;custom_link&#8221; link=&#8221;https:\/\/www.clg.cz\/en\/ing-barbora-kvacova-phd\/&#8221;][vc_empty_space][vc_column_text]<\/p>\n<p style=\"text-align: center;\"><a href=\"https:\/\/www.clg.cz\/en\/ing-barbora-kvacova-phd\/\">Ing. Barbora Kv\u00e1\u010dov\u00e1, PhD.<\/a><\/p>\n<p>[\/vc_column_text][\/vc_column_inner][vc_column_inner width=&#8221;1\/12&#8243;][\/vc_column_inner][\/vc_row_inner][\/vc_column][\/vc_row]<\/p>\n","protected":false},"excerpt":{"rendered":"<p>[vc_row][vc_column width=&#8221;1\/3&#8243;][vc_single_image image=&#8221;2169&#8243; img_size=&#8221;medium&#8221; alignment=&#8221;center&#8221;][vc_column_text] MUDr. David\u00a0\u010cutka Head physician [\/vc_column_text][\/vc_column][vc_column width=&#8221;2\/3&#8243;][vc_column_text]Born in 1977 in\u00a0\u010cesk\u00fd Krumlov. In 1995, he graduated from the J. V. Jirs\u00edk Grammar School, \u010cesk\u00e9 Bud\u011bjovice. He studied at the First Faculty of Medicine of Charles University, Prague, with graduation in 2001. Afterwards, he worked on a long-term basis in the Department of [&hellip;]<\/p>\n","protected":false},"author":6,"featured_media":0,"parent":0,"menu_order":0,"comment_status":"closed","ping_status":"closed","template":"","meta":{"footnotes":""},"class_list":["post-3118","page","type-page","status-publish","hentry"],"yoast_head":"<!-- This site is optimized with the Yoast SEO plugin v27.4 - https:\/\/yoast.com\/product\/yoast-seo-wordpress\/ -->\n<title>MUDR. DAVID \u010cUTKA - Centrum l\u00e9ka\u0159sk\u00e9m genetiky - MUDr. David \u010cutka<\/title>\n<meta name=\"robots\" content=\"index, follow, max-snippet:-1, max-image-preview:large, max-video-preview:-1\" \/>\n<link rel=\"canonical\" href=\"https:\/\/www.clg.cz\/en\/mudr-david-cutka\/\" \/>\n<meta property=\"og:locale\" content=\"en_US\" \/>\n<meta property=\"og:type\" content=\"article\" \/>\n<meta property=\"og:title\" content=\"MUDR. DAVID \u010cUTKA - Centrum l\u00e9ka\u0159sk\u00e9m genetiky - MUDr. David \u010cutka\" \/>\n<meta property=\"og:description\" content=\"[vc_row][vc_column width=&#8221;1\/3&#8243;][vc_single_image image=&#8221;2169&#8243; img_size=&#8221;medium&#8221; alignment=&#8221;center&#8221;][vc_column_text] MUDr. David\u00a0\u010cutka Head physician [\/vc_column_text][\/vc_column][vc_column width=&#8221;2\/3&#8243;][vc_column_text]Born in 1977 in\u00a0\u010cesk\u00fd Krumlov. In 1995, he graduated from the J. V. Jirs\u00edk Grammar School, \u010cesk\u00e9 Bud\u011bjovice. He studied at the First Faculty of Medicine of Charles University, Prague, with graduation in 2001. Afterwards, he worked on a long-term basis in the Department of [&hellip;]\" \/>\n<meta property=\"og:url\" content=\"https:\/\/www.clg.cz\/en\/mudr-david-cutka\/\" \/>\n<meta property=\"og:site_name\" content=\"Centrum l\u00e9ka\u0159sk\u00e9m genetiky - MUDr. David \u010cutka\" \/>\n<meta property=\"article:modified_time\" content=\"2019-09-27T14:22:32+00:00\" \/>\n<meta name=\"twitter:card\" content=\"summary_large_image\" \/>\n<meta name=\"twitter:label1\" content=\"Est. reading time\" \/>\n\t<meta name=\"twitter:data1\" content=\"3 minutes\" \/>\n<script type=\"application\/ld+json\" class=\"yoast-schema-graph\">{\"@context\":\"https:\\\/\\\/schema.org\",\"@graph\":[{\"@type\":\"WebPage\",\"@id\":\"https:\\\/\\\/www.clg.cz\\\/en\\\/mudr-david-cutka\\\/\",\"url\":\"https:\\\/\\\/www.clg.cz\\\/en\\\/mudr-david-cutka\\\/\",\"name\":\"MUDR. DAVID \u010cUTKA - Centrum l\u00e9ka\u0159sk\u00e9m genetiky - MUDr. David \u010cutka\",\"isPartOf\":{\"@id\":\"https:\\\/\\\/www.clg.cz\\\/#website\"},\"datePublished\":\"2019-09-27T12:53:05+00:00\",\"dateModified\":\"2019-09-27T14:22:32+00:00\",\"breadcrumb\":{\"@id\":\"https:\\\/\\\/www.clg.cz\\\/en\\\/mudr-david-cutka\\\/#breadcrumb\"},\"inLanguage\":\"en-US\",\"potentialAction\":[{\"@type\":\"ReadAction\",\"target\":[\"https:\\\/\\\/www.clg.cz\\\/en\\\/mudr-david-cutka\\\/\"]}]},{\"@type\":\"BreadcrumbList\",\"@id\":\"https:\\\/\\\/www.clg.cz\\\/en\\\/mudr-david-cutka\\\/#breadcrumb\",\"itemListElement\":[{\"@type\":\"ListItem\",\"position\":1,\"name\":\"Dom\u016f\",\"item\":\"https:\\\/\\\/www.clg.cz\\\/en\\\/\"},{\"@type\":\"ListItem\",\"position\":2,\"name\":\"MUDR. DAVID \u010cUTKA\"}]},{\"@type\":\"WebSite\",\"@id\":\"https:\\\/\\\/www.clg.cz\\\/#website\",\"url\":\"https:\\\/\\\/www.clg.cz\\\/\",\"name\":\"Centrum l\u00e9ka\u0159sk\u00e9m genetiky - MUDr. Karel \u010cutka, MUDr. David \u010cutka\",\"description\":\"\",\"potentialAction\":[{\"@type\":\"SearchAction\",\"target\":{\"@type\":\"EntryPoint\",\"urlTemplate\":\"https:\\\/\\\/www.clg.cz\\\/?s={search_term_string}\"},\"query-input\":{\"@type\":\"PropertyValueSpecification\",\"valueRequired\":true,\"valueName\":\"search_term_string\"}}],\"inLanguage\":\"en-US\"}]}<\/script>\n<!-- \/ Yoast SEO plugin. -->","yoast_head_json":{"title":"MUDR. DAVID \u010cUTKA - Centrum l\u00e9ka\u0159sk\u00e9m genetiky - MUDr. David \u010cutka","robots":{"index":"index","follow":"follow","max-snippet":"max-snippet:-1","max-image-preview":"max-image-preview:large","max-video-preview":"max-video-preview:-1"},"canonical":"https:\/\/www.clg.cz\/en\/mudr-david-cutka\/","og_locale":"en_US","og_type":"article","og_title":"MUDR. DAVID \u010cUTKA - Centrum l\u00e9ka\u0159sk\u00e9m genetiky - MUDr. David \u010cutka","og_description":"[vc_row][vc_column width=&#8221;1\/3&#8243;][vc_single_image image=&#8221;2169&#8243; img_size=&#8221;medium&#8221; alignment=&#8221;center&#8221;][vc_column_text] MUDr. David\u00a0\u010cutka Head physician [\/vc_column_text][\/vc_column][vc_column width=&#8221;2\/3&#8243;][vc_column_text]Born in 1977 in\u00a0\u010cesk\u00fd Krumlov. In 1995, he graduated from the J. V. Jirs\u00edk Grammar School, \u010cesk\u00e9 Bud\u011bjovice. He studied at the First Faculty of Medicine of Charles University, Prague, with graduation in 2001. Afterwards, he worked on a long-term basis in the Department of [&hellip;]","og_url":"https:\/\/www.clg.cz\/en\/mudr-david-cutka\/","og_site_name":"Centrum l\u00e9ka\u0159sk\u00e9m genetiky - MUDr. David \u010cutka","article_modified_time":"2019-09-27T14:22:32+00:00","twitter_card":"summary_large_image","twitter_misc":{"Est. reading time":"3 minutes"},"schema":{"@context":"https:\/\/schema.org","@graph":[{"@type":"WebPage","@id":"https:\/\/www.clg.cz\/en\/mudr-david-cutka\/","url":"https:\/\/www.clg.cz\/en\/mudr-david-cutka\/","name":"MUDR. DAVID \u010cUTKA - Centrum l\u00e9ka\u0159sk\u00e9m genetiky - MUDr. David \u010cutka","isPartOf":{"@id":"https:\/\/www.clg.cz\/#website"},"datePublished":"2019-09-27T12:53:05+00:00","dateModified":"2019-09-27T14:22:32+00:00","breadcrumb":{"@id":"https:\/\/www.clg.cz\/en\/mudr-david-cutka\/#breadcrumb"},"inLanguage":"en-US","potentialAction":[{"@type":"ReadAction","target":["https:\/\/www.clg.cz\/en\/mudr-david-cutka\/"]}]},{"@type":"BreadcrumbList","@id":"https:\/\/www.clg.cz\/en\/mudr-david-cutka\/#breadcrumb","itemListElement":[{"@type":"ListItem","position":1,"name":"Dom\u016f","item":"https:\/\/www.clg.cz\/en\/"},{"@type":"ListItem","position":2,"name":"MUDR. DAVID \u010cUTKA"}]},{"@type":"WebSite","@id":"https:\/\/www.clg.cz\/#website","url":"https:\/\/www.clg.cz\/","name":"Centrum l\u00e9ka\u0159sk\u00e9m genetiky - MUDr. Karel \u010cutka, MUDr. David \u010cutka","description":"","potentialAction":[{"@type":"SearchAction","target":{"@type":"EntryPoint","urlTemplate":"https:\/\/www.clg.cz\/?s={search_term_string}"},"query-input":{"@type":"PropertyValueSpecification","valueRequired":true,"valueName":"search_term_string"}}],"inLanguage":"en-US"}]}},"_links":{"self":[{"href":"https:\/\/www.clg.cz\/en\/wp-json\/wp\/v2\/pages\/3118","targetHints":{"allow":["GET"]}}],"collection":[{"href":"https:\/\/www.clg.cz\/en\/wp-json\/wp\/v2\/pages"}],"about":[{"href":"https:\/\/www.clg.cz\/en\/wp-json\/wp\/v2\/types\/page"}],"author":[{"embeddable":true,"href":"https:\/\/www.clg.cz\/en\/wp-json\/wp\/v2\/users\/6"}],"replies":[{"embeddable":true,"href":"https:\/\/www.clg.cz\/en\/wp-json\/wp\/v2\/comments?post=3118"}],"version-history":[{"count":3,"href":"https:\/\/www.clg.cz\/en\/wp-json\/wp\/v2\/pages\/3118\/revisions"}],"predecessor-version":[{"id":3137,"href":"https:\/\/www.clg.cz\/en\/wp-json\/wp\/v2\/pages\/3118\/revisions\/3137"}],"wp:attachment":[{"href":"https:\/\/www.clg.cz\/en\/wp-json\/wp\/v2\/media?parent=3118"}],"curies":[{"name":"wp","href":"https:\/\/api.w.org\/{rel}","templated":true}]}}