{"id":3120,"date":"2019-09-27T12:54:47","date_gmt":"2019-09-27T12:54:47","guid":{"rendered":"https:\/\/www.clg.cz\/?page_id=3120"},"modified":"2019-10-08T16:08:28","modified_gmt":"2019-10-08T16:08:28","slug":"ing-barbora-kvacova-phd","status":"publish","type":"page","link":"https:\/\/www.clg.cz\/en\/ing-barbora-kvacova-phd\/","title":{"rendered":"ING. BARBORA KV\u00c1\u010cOV\u00c1, PHD."},"content":{"rendered":"<p>[vc_row][vc_column width=&#8221;1\/3&#8243;][vc_single_image image=&#8221;2461&#8243; img_size=&#8221;medium&#8221; alignment=&#8221;center&#8221;][vc_column_text]<\/p>\n<h3 style=\"text-align: center;\"><strong>Ing. Barbora Kv\u00e1\u010dov\u00e1, PhD.<\/strong><\/h3>\n<p style=\"text-align: center;\">Molecular-genetic laboratory<\/p>\n<p>[\/vc_column_text][\/vc_column][vc_column width=&#8221;2\/3&#8243;][vc_column_text]Born in 1976 in P\u00edsek. In 1994, she graduated from the Grammar School, Strakonice. In 1999, she defended the title \u201cIng.\u201d and in 2004, she defended the title \u201cPh.D.\u201d at the Faculty of Agriculture, University of South Bohemia, \u010cesk\u00e9 Bud\u011bjovice. From 2002, she worked at the Department of Genetics, Breeding and Animal Nutrition, Faculty of Agriculture, University of South Bohemia, \u010cesk\u00e9 Bud\u011bjovice. Since 2006, she has been working as a specialist in laboratory methods and in the preparation of medicinal products with professional supervision in a medical facility CLG Ltd. In 2012, she successfully completed Attestation in Clinical Genetics with the result of Clinical Bioanalyst Specialist for Clinical Genetics. Since 2015, she has been working as Quality Manager and Head of Molecular-Genetic Laboratory in the accredited medical laboratory.[\/vc_column_text][\/vc_column][\/vc_row][vc_row full_width=&#8221;0&#8243; full_height=&#8221;0&#8243; particles=&#8221;0&#8243; css=&#8221;.vc_custom_1489755519787{padding-top: 0px !important;}&#8221;][vc_column][vc_text_separator title=&#8221;EDUCATION&#8221; title_align=&#8221;separator_align_left&#8221; align=&#8221;align_right&#8221; color=&#8221;black&#8221;][vc_column_text]Grammar School, Strakonice (1994)<\/p>\n<p>Faculty of Agriculture, University of South Bohemia in\u00a0\u010cesk\u00e9 Bud\u011bjovice &#8211; obtaining academic title \u201cIng.\u201d (1999)<\/p>\n<p>Faculty of Agriculture, University of South Bohemia in\u00a0\u010cesk\u00e9 Bud\u011bjovice &#8211; obtaining academic title \u201cPh.D.\u201d (2004)<\/p>\n<p>Attestation in Clinical Genetics with the result of Clinical Bioanalyst Specialist for Clinical Genetics (2012)[\/vc_column_text][\/vc_column][\/vc_row][vc_row align=&#8221;text-center&#8221; full_width=&#8221;0&#8243; full_height=&#8221;0&#8243; particles=&#8221;0&#8243; css=&#8221;.vc_custom_1489755531146{padding-top: 0px !important;}&#8221;][vc_column][vc_text_separator title=&#8221;COLLEAGUES&#8221; title_align=&#8221;separator_align_left&#8221; align=&#8221;align_right&#8221; color=&#8221;black&#8221;][vc_row_inner equal_height=&#8221;yes&#8221;][vc_column_inner width=&#8221;1\/12&#8243;][\/vc_column_inner][vc_column_inner width=&#8221;1\/6&#8243;][vc_single_image image=&#8221;2145&#8243; img_size=&#8221;medium&#8221; alignment=&#8221;center&#8221; onclick=&#8221;custom_link&#8221; link=&#8221;https:\/\/www.clg.cz\/en\/mudr-david-cutka\/&#8221;][vc_empty_space][vc_column_text]<\/p>\n<p style=\"text-align: center;\"><a href=\"https:\/\/www.clg.cz\/en\/mudr-david-cutka\/\">MUDr. David \u010cutka<\/a><\/p>\n<p>[\/vc_column_text][\/vc_column_inner][vc_column_inner width=&#8221;1\/6&#8243;][vc_single_image image=&#8221;2172&#8243; img_size=&#8221;medium&#8221; alignment=&#8221;center&#8221; onclick=&#8221;custom_link&#8221; link=&#8221;https:\/\/www.clg.cz\/en\/mudr-karel-cutka\/&#8221;][vc_empty_space][vc_column_text]<\/p>\n<p style=\"text-align: center;\"><a href=\"https:\/\/www.clg.cz\/en\/mudr-karel-cutka\/\">MUDr. Karel \u010cutka<\/a><\/p>\n<p>[\/vc_column_text][\/vc_column_inner][vc_column_inner width=&#8221;1\/6&#8243;][vc_single_image image=&#8221;2170&#8243; img_size=&#8221;medium&#8221; alignment=&#8221;center&#8221; onclick=&#8221;custom_link&#8221; link=&#8221;https:\/\/www.clg.cz\/en\/mudr-milada-lacinova\/&#8221;][vc_empty_space][vc_column_text]<\/p>\n<p style=\"text-align: center;\"><a href=\"https:\/\/www.clg.cz\/en\/mudr-milada-lacinova\/\">MUDr.\u00a0Milada Lacinov\u00e1<\/a><\/p>\n<p>[\/vc_column_text][\/vc_column_inner][vc_column_inner width=&#8221;1\/6&#8243;][vc_single_image image=&#8221;2463&#8243; img_size=&#8221;medium&#8221; onclick=&#8221;custom_link&#8221; link=&#8221;https:\/\/www.clg.cz\/en\/mudr-martina-michalova\/&#8221;][vc_empty_space][vc_column_text]<\/p>\n<p style=\"text-align: center;\"><a href=\"https:\/\/www.clg.cz\/en\/mudr-martina-michalova\/\">MUDr.\u00a0Martina Michalov\u00e1<\/a><\/p>\n<p>[\/vc_column_text][\/vc_column_inner][vc_column_inner width=&#8221;1\/6&#8243;][vc_single_image image=&#8221;2982&#8243; img_size=&#8221;medium&#8221; alignment=&#8221;center&#8221; onclick=&#8221;custom_link&#8221; link=&#8221;https:\/\/www.clg.cz\/en\/ing-marketa-lysa\/&#8221;][vc_empty_space][vc_column_text]<\/p>\n<p style=\"text-align: center;\"><a href=\"https:\/\/www.clg.cz\/en\/ing-marketa-lysa\/\">Ing. Mark\u00e9ta Lys\u00e1<\/a><\/p>\n<p>[\/vc_column_text][\/vc_column_inner][vc_column_inner width=&#8221;1\/12&#8243;][\/vc_column_inner][\/vc_row_inner][\/vc_column][\/vc_row]<\/p>\n","protected":false},"excerpt":{"rendered":"<p>[vc_row][vc_column width=&#8221;1\/3&#8243;][vc_single_image image=&#8221;2461&#8243; img_size=&#8221;medium&#8221; alignment=&#8221;center&#8221;][vc_column_text] Ing. Barbora Kv\u00e1\u010dov\u00e1, PhD. Molecular-genetic laboratory [\/vc_column_text][\/vc_column][vc_column width=&#8221;2\/3&#8243;][vc_column_text]Born in 1976 in P\u00edsek. In 1994, she graduated from the Grammar School, Strakonice. In 1999, she defended the title \u201cIng.\u201d and in 2004, she defended the title \u201cPh.D.\u201d at the Faculty of Agriculture, University of South Bohemia, \u010cesk\u00e9 Bud\u011bjovice. From 2002, she [&hellip;]<\/p>\n","protected":false},"author":6,"featured_media":0,"parent":0,"menu_order":0,"comment_status":"closed","ping_status":"closed","template":"","meta":{"footnotes":""},"class_list":["post-3120","page","type-page","status-publish","hentry"],"yoast_head":"<!-- This site is optimized with the Yoast SEO plugin v27.4 - https:\/\/yoast.com\/product\/yoast-seo-wordpress\/ -->\n<title>ING. BARBORA KV\u00c1\u010cOV\u00c1, PHD. - Centrum l\u00e9ka\u0159sk\u00e9m genetiky - MUDr. David \u010cutka<\/title>\n<meta name=\"robots\" content=\"index, follow, max-snippet:-1, max-image-preview:large, max-video-preview:-1\" \/>\n<link rel=\"canonical\" href=\"https:\/\/www.clg.cz\/en\/ing-barbora-kvacova-phd\/\" \/>\n<meta property=\"og:locale\" content=\"en_US\" \/>\n<meta property=\"og:type\" content=\"article\" \/>\n<meta property=\"og:title\" content=\"ING. BARBORA KV\u00c1\u010cOV\u00c1, PHD. - Centrum l\u00e9ka\u0159sk\u00e9m genetiky - MUDr. David \u010cutka\" \/>\n<meta property=\"og:description\" content=\"[vc_row][vc_column width=&#8221;1\/3&#8243;][vc_single_image image=&#8221;2461&#8243; img_size=&#8221;medium&#8221; alignment=&#8221;center&#8221;][vc_column_text] Ing. Barbora Kv\u00e1\u010dov\u00e1, PhD. Molecular-genetic laboratory [\/vc_column_text][\/vc_column][vc_column width=&#8221;2\/3&#8243;][vc_column_text]Born in 1976 in P\u00edsek. In 1994, she graduated from the Grammar School, Strakonice. In 1999, she defended the title \u201cIng.\u201d and in 2004, she defended the title \u201cPh.D.\u201d at the Faculty of Agriculture, University of South Bohemia, \u010cesk\u00e9 Bud\u011bjovice. From 2002, she [&hellip;]\" \/>\n<meta property=\"og:url\" content=\"https:\/\/www.clg.cz\/en\/ing-barbora-kvacova-phd\/\" \/>\n<meta property=\"og:site_name\" content=\"Centrum l\u00e9ka\u0159sk\u00e9m genetiky - MUDr. David \u010cutka\" \/>\n<meta property=\"article:modified_time\" content=\"2019-10-08T16:08:28+00:00\" \/>\n<meta name=\"twitter:card\" content=\"summary_large_image\" \/>\n<meta name=\"twitter:label1\" content=\"Est. reading time\" \/>\n\t<meta name=\"twitter:data1\" content=\"3 minutes\" \/>\n<script type=\"application\/ld+json\" class=\"yoast-schema-graph\">{\"@context\":\"https:\\\/\\\/schema.org\",\"@graph\":[{\"@type\":\"WebPage\",\"@id\":\"https:\\\/\\\/www.clg.cz\\\/en\\\/ing-barbora-kvacova-phd\\\/\",\"url\":\"https:\\\/\\\/www.clg.cz\\\/en\\\/ing-barbora-kvacova-phd\\\/\",\"name\":\"ING. BARBORA KV\u00c1\u010cOV\u00c1, PHD. - Centrum l\u00e9ka\u0159sk\u00e9m genetiky - MUDr. David \u010cutka\",\"isPartOf\":{\"@id\":\"https:\\\/\\\/www.clg.cz\\\/#website\"},\"datePublished\":\"2019-09-27T12:54:47+00:00\",\"dateModified\":\"2019-10-08T16:08:28+00:00\",\"breadcrumb\":{\"@id\":\"https:\\\/\\\/www.clg.cz\\\/en\\\/ing-barbora-kvacova-phd\\\/#breadcrumb\"},\"inLanguage\":\"en-US\",\"potentialAction\":[{\"@type\":\"ReadAction\",\"target\":[\"https:\\\/\\\/www.clg.cz\\\/en\\\/ing-barbora-kvacova-phd\\\/\"]}]},{\"@type\":\"BreadcrumbList\",\"@id\":\"https:\\\/\\\/www.clg.cz\\\/en\\\/ing-barbora-kvacova-phd\\\/#breadcrumb\",\"itemListElement\":[{\"@type\":\"ListItem\",\"position\":1,\"name\":\"Dom\u016f\",\"item\":\"https:\\\/\\\/www.clg.cz\\\/en\\\/\"},{\"@type\":\"ListItem\",\"position\":2,\"name\":\"ING. BARBORA KV\u00c1\u010cOV\u00c1, PHD.\"}]},{\"@type\":\"WebSite\",\"@id\":\"https:\\\/\\\/www.clg.cz\\\/#website\",\"url\":\"https:\\\/\\\/www.clg.cz\\\/\",\"name\":\"Centrum l\u00e9ka\u0159sk\u00e9m genetiky - MUDr. Karel \u010cutka, MUDr. David \u010cutka\",\"description\":\"\",\"potentialAction\":[{\"@type\":\"SearchAction\",\"target\":{\"@type\":\"EntryPoint\",\"urlTemplate\":\"https:\\\/\\\/www.clg.cz\\\/?s={search_term_string}\"},\"query-input\":{\"@type\":\"PropertyValueSpecification\",\"valueRequired\":true,\"valueName\":\"search_term_string\"}}],\"inLanguage\":\"en-US\"}]}<\/script>\n<!-- \/ Yoast SEO plugin. -->","yoast_head_json":{"title":"ING. BARBORA KV\u00c1\u010cOV\u00c1, PHD. - Centrum l\u00e9ka\u0159sk\u00e9m genetiky - MUDr. David \u010cutka","robots":{"index":"index","follow":"follow","max-snippet":"max-snippet:-1","max-image-preview":"max-image-preview:large","max-video-preview":"max-video-preview:-1"},"canonical":"https:\/\/www.clg.cz\/en\/ing-barbora-kvacova-phd\/","og_locale":"en_US","og_type":"article","og_title":"ING. BARBORA KV\u00c1\u010cOV\u00c1, PHD. - Centrum l\u00e9ka\u0159sk\u00e9m genetiky - MUDr. David \u010cutka","og_description":"[vc_row][vc_column width=&#8221;1\/3&#8243;][vc_single_image image=&#8221;2461&#8243; img_size=&#8221;medium&#8221; alignment=&#8221;center&#8221;][vc_column_text] Ing. Barbora Kv\u00e1\u010dov\u00e1, PhD. Molecular-genetic laboratory [\/vc_column_text][\/vc_column][vc_column width=&#8221;2\/3&#8243;][vc_column_text]Born in 1976 in P\u00edsek. In 1994, she graduated from the Grammar School, Strakonice. In 1999, she defended the title \u201cIng.\u201d and in 2004, she defended the title \u201cPh.D.\u201d at the Faculty of Agriculture, University of South Bohemia, \u010cesk\u00e9 Bud\u011bjovice. From 2002, she [&hellip;]","og_url":"https:\/\/www.clg.cz\/en\/ing-barbora-kvacova-phd\/","og_site_name":"Centrum l\u00e9ka\u0159sk\u00e9m genetiky - MUDr. David \u010cutka","article_modified_time":"2019-10-08T16:08:28+00:00","twitter_card":"summary_large_image","twitter_misc":{"Est. reading time":"3 minutes"},"schema":{"@context":"https:\/\/schema.org","@graph":[{"@type":"WebPage","@id":"https:\/\/www.clg.cz\/en\/ing-barbora-kvacova-phd\/","url":"https:\/\/www.clg.cz\/en\/ing-barbora-kvacova-phd\/","name":"ING. BARBORA KV\u00c1\u010cOV\u00c1, PHD. - Centrum l\u00e9ka\u0159sk\u00e9m genetiky - MUDr. David \u010cutka","isPartOf":{"@id":"https:\/\/www.clg.cz\/#website"},"datePublished":"2019-09-27T12:54:47+00:00","dateModified":"2019-10-08T16:08:28+00:00","breadcrumb":{"@id":"https:\/\/www.clg.cz\/en\/ing-barbora-kvacova-phd\/#breadcrumb"},"inLanguage":"en-US","potentialAction":[{"@type":"ReadAction","target":["https:\/\/www.clg.cz\/en\/ing-barbora-kvacova-phd\/"]}]},{"@type":"BreadcrumbList","@id":"https:\/\/www.clg.cz\/en\/ing-barbora-kvacova-phd\/#breadcrumb","itemListElement":[{"@type":"ListItem","position":1,"name":"Dom\u016f","item":"https:\/\/www.clg.cz\/en\/"},{"@type":"ListItem","position":2,"name":"ING. BARBORA KV\u00c1\u010cOV\u00c1, PHD."}]},{"@type":"WebSite","@id":"https:\/\/www.clg.cz\/#website","url":"https:\/\/www.clg.cz\/","name":"Centrum l\u00e9ka\u0159sk\u00e9m genetiky - MUDr. Karel \u010cutka, MUDr. David \u010cutka","description":"","potentialAction":[{"@type":"SearchAction","target":{"@type":"EntryPoint","urlTemplate":"https:\/\/www.clg.cz\/?s={search_term_string}"},"query-input":{"@type":"PropertyValueSpecification","valueRequired":true,"valueName":"search_term_string"}}],"inLanguage":"en-US"}]}},"_links":{"self":[{"href":"https:\/\/www.clg.cz\/en\/wp-json\/wp\/v2\/pages\/3120","targetHints":{"allow":["GET"]}}],"collection":[{"href":"https:\/\/www.clg.cz\/en\/wp-json\/wp\/v2\/pages"}],"about":[{"href":"https:\/\/www.clg.cz\/en\/wp-json\/wp\/v2\/types\/page"}],"author":[{"embeddable":true,"href":"https:\/\/www.clg.cz\/en\/wp-json\/wp\/v2\/users\/6"}],"replies":[{"embeddable":true,"href":"https:\/\/www.clg.cz\/en\/wp-json\/wp\/v2\/comments?post=3120"}],"version-history":[{"count":5,"href":"https:\/\/www.clg.cz\/en\/wp-json\/wp\/v2\/pages\/3120\/revisions"}],"predecessor-version":[{"id":3240,"href":"https:\/\/www.clg.cz\/en\/wp-json\/wp\/v2\/pages\/3120\/revisions\/3240"}],"wp:attachment":[{"href":"https:\/\/www.clg.cz\/en\/wp-json\/wp\/v2\/media?parent=3120"}],"curies":[{"name":"wp","href":"https:\/\/api.w.org\/{rel}","templated":true}]}}