{"id":3123,"date":"2019-09-27T12:58:21","date_gmt":"2019-09-27T12:58:21","guid":{"rendered":"https:\/\/www.clg.cz\/?page_id=3123"},"modified":"2019-09-27T14:35:49","modified_gmt":"2019-09-27T14:35:49","slug":"mudr-karel-cutka","status":"publish","type":"page","link":"https:\/\/www.clg.cz\/en\/mudr-karel-cutka\/","title":{"rendered":"MUDR. KAREL \u010cUTKA"},"content":{"rendered":"<p>[vc_row][vc_column width=&#8221;1\/3&#8243;][vc_single_image image=&#8221;2172&#8243; img_size=&#8221;medium&#8221; alignment=&#8221;center&#8221;][vc_column_text]<\/p>\n<h3 style=\"text-align: center;\">MUDr. Karel \u010cutka<\/h3>\n<p style=\"text-align: center;\">Head of Center for Medical Genetics Ltd.<\/p>\n<p>[\/vc_column_text][\/vc_column][vc_column width=&#8221;2\/3&#8243;][vc_column_text]Born in 1950 in\u00a0T\u00e1bor. He graduated the local grammar school, then studied at the Faculty of General Medicine of Charles University in Prague, with graduation in 1974, like his father and son. He has attestation in the field of medical genetics and gynecology and obstetrics. In 1974, he started working at the Gynaecology Department of the Hospital in \u010cesk\u00e9 Bud\u011bjovice; from 1983, has was the Head of Department of Medical Genetics of the Hospital in \u010cesk\u00e9 Bud\u011bjovice. In 1997, he founded the private Centre for Medical Genetics Ltd., in \u010cesk\u00e9 Bud\u011bjovice, focused on prenatal diagnosis, clinical genetics, medical genetics laboratory. This laboratory has been accredited according to \u010cSN ISO 15189:2007 in 2007. In 2014, the operation of the laboratory was harmonized to the new standard and accredited according to \u010cSN ISO 15189:2013 by the Czech Institute for Accreditation.<\/p>\n<p>In today\u2019s centre, he trained several doctors in clinical genetics and a number of university graduates in the field of laboratory methods in medical genetics.[\/vc_column_text][\/vc_column][\/vc_row][vc_row full_width=&#8221;0&#8243; full_height=&#8221;0&#8243; particles=&#8221;0&#8243; css=&#8221;.vc_custom_1489755519787{padding-top: 0px !important;}&#8221;][vc_column][vc_text_separator title=&#8221;EDUCATION&#8221; title_align=&#8221;separator_align_left&#8221; align=&#8221;align_right&#8221; color=&#8221;black&#8221;][vc_column_text]Faculty of General Medicine of Charles University, Prague (1974)<\/p>\n<p>Attestation of the First Degree in Gynecology and Obstetrics (1977)<\/p>\n<p>Attestation in Medical Genetics (1980)[\/vc_column_text][\/vc_column][\/vc_row][vc_row align=&#8221;text-center&#8221; full_width=&#8221;0&#8243; full_height=&#8221;0&#8243; particles=&#8221;0&#8243; css=&#8221;.vc_custom_1489755531146{padding-top: 0px !important;}&#8221;][vc_column][vc_text_separator title=&#8221;COLLEAGUES&#8221; title_align=&#8221;separator_align_left&#8221; align=&#8221;align_right&#8221; color=&#8221;black&#8221;][vc_row_inner equal_height=&#8221;yes&#8221;][vc_column_inner width=&#8221;1\/12&#8243;][\/vc_column_inner][vc_column_inner width=&#8221;1\/6&#8243;][vc_single_image image=&#8221;2145&#8243; img_size=&#8221;medium&#8221; alignment=&#8221;center&#8221; onclick=&#8221;custom_link&#8221; link=&#8221;https:\/\/www.clg.cz\/en\/mudr-david-cutka\/&#8221;][vc_empty_space][vc_column_text]<\/p>\n<p style=\"text-align: center;\"><a href=\"https:\/\/www.clg.cz\/en\/mudr-david-cutka\/\">MUDr. David \u010cutka<\/a><\/p>\n<p>[\/vc_column_text][\/vc_column_inner][vc_column_inner width=&#8221;1\/6&#8243;][vc_single_image image=&#8221;2170&#8243; img_size=&#8221;medium&#8221; alignment=&#8221;center&#8221; onclick=&#8221;custom_link&#8221; link=&#8221;https:\/\/www.clg.cz\/en\/mudr-milada-lacinova\/&#8221;][vc_empty_space][vc_column_text]<\/p>\n<p style=\"text-align: center;\"><a href=\"https:\/\/www.clg.cz\/en\/mudr-milada-lacinova\/\">MUDr.\u00a0Milada Lacinov\u00e1<\/a><\/p>\n<p>[\/vc_column_text][\/vc_column_inner][vc_column_inner width=&#8221;1\/6&#8243;][vc_single_image image=&#8221;2463&#8243; img_size=&#8221;medium&#8221; onclick=&#8221;custom_link&#8221; link=&#8221;https:\/\/www.clg.cz\/en\/mudr-martina-michalova\/&#8221;][vc_empty_space][vc_column_text]<\/p>\n<p style=\"text-align: center;\"><a href=\"https:\/\/www.clg.cz\/en\/mudr-martina-michalova\/\">MUDr.\u00a0Martina Michalov\u00e1<\/a><\/p>\n<p>[\/vc_column_text][\/vc_column_inner][vc_column_inner width=&#8221;1\/6&#8243;][vc_single_image image=&#8221;2462&#8243; img_size=&#8221;medium&#8221; alignment=&#8221;center&#8221; onclick=&#8221;custom_link&#8221; link=&#8221;https:\/\/www.clg.cz\/en\/ing-marketa-lysa\/&#8221;][vc_empty_space][vc_column_text]<\/p>\n<p style=\"text-align: center;\"><a href=\"https:\/\/www.clg.cz\/en\/ing-marketa-lysa\/\">Ing. Mark\u00e9ta Lys\u00e1<\/a><\/p>\n<p>[\/vc_column_text][\/vc_column_inner][vc_column_inner width=&#8221;1\/6&#8243;][vc_single_image image=&#8221;2461&#8243; img_size=&#8221;medium&#8221; alignment=&#8221;center&#8221; onclick=&#8221;custom_link&#8221; link=&#8221;https:\/\/www.clg.cz\/en\/ing-barbora-kvacova-phd\/&#8221;][vc_empty_space][vc_column_text]<\/p>\n<p style=\"text-align: center;\"><a href=\"https:\/\/www.clg.cz\/en\/ing-barbora-kvacova-phd\/\">Ing. Barbora Kv\u00e1\u010dov\u00e1, PhD.<\/a><\/p>\n<p>[\/vc_column_text][\/vc_column_inner][vc_column_inner width=&#8221;1\/12&#8243;][\/vc_column_inner][\/vc_row_inner][\/vc_column][\/vc_row]<\/p>\n","protected":false},"excerpt":{"rendered":"<p>[vc_row][vc_column width=&#8221;1\/3&#8243;][vc_single_image image=&#8221;2172&#8243; img_size=&#8221;medium&#8221; alignment=&#8221;center&#8221;][vc_column_text] MUDr. Karel \u010cutka Head of Center for Medical Genetics Ltd. [\/vc_column_text][\/vc_column][vc_column width=&#8221;2\/3&#8243;][vc_column_text]Born in 1950 in\u00a0T\u00e1bor. He graduated the local grammar school, then studied at the Faculty of General Medicine of Charles University in Prague, with graduation in 1974, like his father and son. He has attestation in the field of [&hellip;]<\/p>\n","protected":false},"author":6,"featured_media":0,"parent":0,"menu_order":0,"comment_status":"closed","ping_status":"closed","template":"","meta":{"footnotes":""},"class_list":["post-3123","page","type-page","status-publish","hentry"],"yoast_head":"<!-- This site is optimized with the Yoast SEO plugin v27.4 - https:\/\/yoast.com\/product\/yoast-seo-wordpress\/ -->\n<title>MUDR. KAREL \u010cUTKA - Centrum l\u00e9ka\u0159sk\u00e9m genetiky - MUDr. David \u010cutka<\/title>\n<meta name=\"robots\" content=\"index, follow, max-snippet:-1, max-image-preview:large, max-video-preview:-1\" \/>\n<link rel=\"canonical\" href=\"https:\/\/www.clg.cz\/en\/mudr-karel-cutka\/\" \/>\n<meta property=\"og:locale\" content=\"en_US\" \/>\n<meta property=\"og:type\" content=\"article\" \/>\n<meta property=\"og:title\" content=\"MUDR. KAREL \u010cUTKA - Centrum l\u00e9ka\u0159sk\u00e9m genetiky - MUDr. David \u010cutka\" \/>\n<meta property=\"og:description\" content=\"[vc_row][vc_column width=&#8221;1\/3&#8243;][vc_single_image image=&#8221;2172&#8243; img_size=&#8221;medium&#8221; alignment=&#8221;center&#8221;][vc_column_text] MUDr. Karel \u010cutka Head of Center for Medical Genetics Ltd. [\/vc_column_text][\/vc_column][vc_column width=&#8221;2\/3&#8243;][vc_column_text]Born in 1950 in\u00a0T\u00e1bor. He graduated the local grammar school, then studied at the Faculty of General Medicine of Charles University in Prague, with graduation in 1974, like his father and son. He has attestation in the field of [&hellip;]\" \/>\n<meta property=\"og:url\" content=\"https:\/\/www.clg.cz\/en\/mudr-karel-cutka\/\" \/>\n<meta property=\"og:site_name\" content=\"Centrum l\u00e9ka\u0159sk\u00e9m genetiky - MUDr. David \u010cutka\" \/>\n<meta property=\"article:modified_time\" content=\"2019-09-27T14:35:49+00:00\" \/>\n<meta name=\"twitter:card\" content=\"summary_large_image\" \/>\n<meta name=\"twitter:label1\" content=\"Est. reading time\" \/>\n\t<meta name=\"twitter:data1\" content=\"3 minutes\" \/>\n<script type=\"application\/ld+json\" class=\"yoast-schema-graph\">{\"@context\":\"https:\\\/\\\/schema.org\",\"@graph\":[{\"@type\":\"WebPage\",\"@id\":\"https:\\\/\\\/www.clg.cz\\\/en\\\/mudr-karel-cutka\\\/\",\"url\":\"https:\\\/\\\/www.clg.cz\\\/en\\\/mudr-karel-cutka\\\/\",\"name\":\"MUDR. KAREL \u010cUTKA - Centrum l\u00e9ka\u0159sk\u00e9m genetiky - MUDr. David \u010cutka\",\"isPartOf\":{\"@id\":\"https:\\\/\\\/www.clg.cz\\\/#website\"},\"datePublished\":\"2019-09-27T12:58:21+00:00\",\"dateModified\":\"2019-09-27T14:35:49+00:00\",\"breadcrumb\":{\"@id\":\"https:\\\/\\\/www.clg.cz\\\/en\\\/mudr-karel-cutka\\\/#breadcrumb\"},\"inLanguage\":\"en-US\",\"potentialAction\":[{\"@type\":\"ReadAction\",\"target\":[\"https:\\\/\\\/www.clg.cz\\\/en\\\/mudr-karel-cutka\\\/\"]}]},{\"@type\":\"BreadcrumbList\",\"@id\":\"https:\\\/\\\/www.clg.cz\\\/en\\\/mudr-karel-cutka\\\/#breadcrumb\",\"itemListElement\":[{\"@type\":\"ListItem\",\"position\":1,\"name\":\"Dom\u016f\",\"item\":\"https:\\\/\\\/www.clg.cz\\\/en\\\/\"},{\"@type\":\"ListItem\",\"position\":2,\"name\":\"MUDR. KAREL \u010cUTKA\"}]},{\"@type\":\"WebSite\",\"@id\":\"https:\\\/\\\/www.clg.cz\\\/#website\",\"url\":\"https:\\\/\\\/www.clg.cz\\\/\",\"name\":\"Centrum l\u00e9ka\u0159sk\u00e9m genetiky - MUDr. Karel \u010cutka, MUDr. David \u010cutka\",\"description\":\"\",\"potentialAction\":[{\"@type\":\"SearchAction\",\"target\":{\"@type\":\"EntryPoint\",\"urlTemplate\":\"https:\\\/\\\/www.clg.cz\\\/?s={search_term_string}\"},\"query-input\":{\"@type\":\"PropertyValueSpecification\",\"valueRequired\":true,\"valueName\":\"search_term_string\"}}],\"inLanguage\":\"en-US\"}]}<\/script>\n<!-- \/ Yoast SEO plugin. -->","yoast_head_json":{"title":"MUDR. KAREL \u010cUTKA - Centrum l\u00e9ka\u0159sk\u00e9m genetiky - MUDr. David \u010cutka","robots":{"index":"index","follow":"follow","max-snippet":"max-snippet:-1","max-image-preview":"max-image-preview:large","max-video-preview":"max-video-preview:-1"},"canonical":"https:\/\/www.clg.cz\/en\/mudr-karel-cutka\/","og_locale":"en_US","og_type":"article","og_title":"MUDR. KAREL \u010cUTKA - Centrum l\u00e9ka\u0159sk\u00e9m genetiky - MUDr. David \u010cutka","og_description":"[vc_row][vc_column width=&#8221;1\/3&#8243;][vc_single_image image=&#8221;2172&#8243; img_size=&#8221;medium&#8221; alignment=&#8221;center&#8221;][vc_column_text] MUDr. Karel \u010cutka Head of Center for Medical Genetics Ltd. [\/vc_column_text][\/vc_column][vc_column width=&#8221;2\/3&#8243;][vc_column_text]Born in 1950 in\u00a0T\u00e1bor. He graduated the local grammar school, then studied at the Faculty of General Medicine of Charles University in Prague, with graduation in 1974, like his father and son. He has attestation in the field of [&hellip;]","og_url":"https:\/\/www.clg.cz\/en\/mudr-karel-cutka\/","og_site_name":"Centrum l\u00e9ka\u0159sk\u00e9m genetiky - MUDr. David \u010cutka","article_modified_time":"2019-09-27T14:35:49+00:00","twitter_card":"summary_large_image","twitter_misc":{"Est. reading time":"3 minutes"},"schema":{"@context":"https:\/\/schema.org","@graph":[{"@type":"WebPage","@id":"https:\/\/www.clg.cz\/en\/mudr-karel-cutka\/","url":"https:\/\/www.clg.cz\/en\/mudr-karel-cutka\/","name":"MUDR. KAREL \u010cUTKA - Centrum l\u00e9ka\u0159sk\u00e9m genetiky - MUDr. David \u010cutka","isPartOf":{"@id":"https:\/\/www.clg.cz\/#website"},"datePublished":"2019-09-27T12:58:21+00:00","dateModified":"2019-09-27T14:35:49+00:00","breadcrumb":{"@id":"https:\/\/www.clg.cz\/en\/mudr-karel-cutka\/#breadcrumb"},"inLanguage":"en-US","potentialAction":[{"@type":"ReadAction","target":["https:\/\/www.clg.cz\/en\/mudr-karel-cutka\/"]}]},{"@type":"BreadcrumbList","@id":"https:\/\/www.clg.cz\/en\/mudr-karel-cutka\/#breadcrumb","itemListElement":[{"@type":"ListItem","position":1,"name":"Dom\u016f","item":"https:\/\/www.clg.cz\/en\/"},{"@type":"ListItem","position":2,"name":"MUDR. KAREL \u010cUTKA"}]},{"@type":"WebSite","@id":"https:\/\/www.clg.cz\/#website","url":"https:\/\/www.clg.cz\/","name":"Centrum l\u00e9ka\u0159sk\u00e9m genetiky - MUDr. Karel \u010cutka, MUDr. David \u010cutka","description":"","potentialAction":[{"@type":"SearchAction","target":{"@type":"EntryPoint","urlTemplate":"https:\/\/www.clg.cz\/?s={search_term_string}"},"query-input":{"@type":"PropertyValueSpecification","valueRequired":true,"valueName":"search_term_string"}}],"inLanguage":"en-US"}]}},"_links":{"self":[{"href":"https:\/\/www.clg.cz\/en\/wp-json\/wp\/v2\/pages\/3123","targetHints":{"allow":["GET"]}}],"collection":[{"href":"https:\/\/www.clg.cz\/en\/wp-json\/wp\/v2\/pages"}],"about":[{"href":"https:\/\/www.clg.cz\/en\/wp-json\/wp\/v2\/types\/page"}],"author":[{"embeddable":true,"href":"https:\/\/www.clg.cz\/en\/wp-json\/wp\/v2\/users\/6"}],"replies":[{"embeddable":true,"href":"https:\/\/www.clg.cz\/en\/wp-json\/wp\/v2\/comments?post=3123"}],"version-history":[{"count":4,"href":"https:\/\/www.clg.cz\/en\/wp-json\/wp\/v2\/pages\/3123\/revisions"}],"predecessor-version":[{"id":3146,"href":"https:\/\/www.clg.cz\/en\/wp-json\/wp\/v2\/pages\/3123\/revisions\/3146"}],"wp:attachment":[{"href":"https:\/\/www.clg.cz\/en\/wp-json\/wp\/v2\/media?parent=3123"}],"curies":[{"name":"wp","href":"https:\/\/api.w.org\/{rel}","templated":true}]}}