{"id":3149,"date":"2019-09-27T14:49:35","date_gmt":"2019-09-27T14:49:35","guid":{"rendered":"https:\/\/www.clg.cz\/?page_id=3149"},"modified":"2019-10-07T11:46:44","modified_gmt":"2019-10-07T11:46:44","slug":"prenatal-care","status":"publish","type":"page","link":"https:\/\/www.clg.cz\/en\/prenatal-care\/","title":{"rendered":"Prenatal care"},"content":{"rendered":"<p>[vc_row][vc_column][vc_row_inner][vc_column_inner width=&#8221;1\/2&#8243;][vc_column_text]<strong>SPECIALIZED ULTRASOUND EXAMINATION OF THE EMBRYO IN THE FIRST TRIMESTER<\/strong><\/p>\n<p>Ultrasound examination of the embryo to detect congenital developmental defects and chromosomal disorders.<\/p>\n<p>Nuchal translucency measurement performed by an accredited sonographer in the first trimester at our clinic, followed by a complete Sequential Integrated Screening Test.<\/p>\n<p>More information <a href=\"https:\/\/www.clg.cz\/en\/specialized-ultrasound-examination-of-the-fetus-in-the-first-trimester\/\">here<\/a>.[\/vc_column_text][\/vc_column_inner][vc_column_inner width=&#8221;1\/2&#8243;][vc_column_text]<strong>SPECIALIZED ULTRASOUND EXAMINATION OF FETUS IN THE SECOND TRIMESTER (20<sup>TH<\/sup> WEEK OF PREGNANCY)<\/strong><\/p>\n<p>Ultrasound examination of the fetus to detect congenital developmental defects and chromosomal disorders.<\/p>\n<p>Specialized ultrasound examination of the fetus at the 20<sup>th<\/sup> week of pregnancy, including a detailed ultrasound examination of the fetus\u2019 heart (fetal echocardiography).<\/p>\n<p>This is an important ultrasound examination during the course of pregnancy.<\/p>\n<p>More information <a href=\"https:\/\/www.clg.cz\/en\/specialized-ultrasound-examination-of-the-fetus-in-the-second-trimester\/\">here<\/a>.[\/vc_column_text][\/vc_column_inner][\/vc_row_inner][vc_column_text]<\/p>\n<h4>Genetic consultation<\/h4>\n<p>This includes a consultation with a clinical geneticist; it focuses on determining the\u00a0genetic risk, the possibility of finding birth defects and chromosomal disorders in\u00a0fetus, prognosis, and indication of prenatal examinations.<\/p>\n<p>&nbsp;<\/p>\n<h4>Integrated Test in the First and Second Trimester<\/h4>\n<p>The Integrated Serum Test in the First and Second Trimester consists of two blood samples for biochemical examination. An ultrasound examination determines the exact age of the fetus which is essential to the results of this screening. More information <a href=\"https:\/\/www.clg.cz\/en\/specialized-ultrasound-examination-of-the-fetus-in-the-second-trimester\/\">here<\/a>.<\/p>\n<p>&nbsp;<\/p>\n<h4>Invasive examination procedures<\/h4>\n<p>collection of amniotic fluid<\/p>\n<p>chorionic villus sampling<\/p>\n<p>&nbsp;<\/p>\n<h4>Main indications \u2013 reasons:<\/h4>\n<ul>\n<li>positive screening for fetal birth defects (women with increased risk of fetal chromosomal defects, e.g. Down&#8217;s syndrome)<\/li>\n<li>to ensure follow-up examinations with hereditary diseases in patien\u2019s family<\/li>\n<li>if a previous pregnancy was terminated due to discovery of a fetal congenital defect (by request of the patient)<\/li>\n<\/ul>\n<p>&nbsp;<\/p>\n<h4>Non-invasive examination procedures<\/h4>\n<p>More information <a href=\"https:\/\/www.clg.cz\/en\/non-invasive-prenatal-testing-ambulance\/\">here<\/a>.<\/p>\n<ul>\n<li style=\"list-style-type: none;\"><\/li>\n<\/ul>\n<p>[\/vc_column_text][\/vc_column][\/vc_row]<\/p>\n","protected":false},"excerpt":{"rendered":"<p>[vc_row][vc_column][vc_row_inner][vc_column_inner width=&#8221;1\/2&#8243;][vc_column_text]SPECIALIZED ULTRASOUND EXAMINATION OF THE EMBRYO IN THE FIRST TRIMESTER Ultrasound examination of the embryo to detect congenital developmental defects and chromosomal disorders. Nuchal translucency measurement performed by an accredited sonographer in the first trimester at our clinic, followed by a complete Sequential Integrated Screening Test. More information here.[\/vc_column_text][\/vc_column_inner][vc_column_inner width=&#8221;1\/2&#8243;][vc_column_text]SPECIALIZED ULTRASOUND EXAMINATION OF FETUS [&hellip;]<\/p>\n","protected":false},"author":6,"featured_media":0,"parent":0,"menu_order":0,"comment_status":"closed","ping_status":"closed","template":"","meta":{"footnotes":""},"class_list":["post-3149","page","type-page","status-publish","hentry"],"yoast_head":"<!-- This site is optimized with the Yoast SEO plugin v27.4 - https:\/\/yoast.com\/product\/yoast-seo-wordpress\/ -->\n<title>Prenatal care - Centrum l\u00e9ka\u0159sk\u00e9m genetiky - MUDr. David \u010cutka<\/title>\n<meta name=\"robots\" content=\"index, follow, max-snippet:-1, max-image-preview:large, max-video-preview:-1\" \/>\n<link rel=\"canonical\" href=\"https:\/\/www.clg.cz\/en\/prenatal-care\/\" \/>\n<meta property=\"og:locale\" content=\"en_US\" \/>\n<meta property=\"og:type\" content=\"article\" \/>\n<meta property=\"og:title\" content=\"Prenatal care - Centrum l\u00e9ka\u0159sk\u00e9m genetiky - MUDr. David \u010cutka\" \/>\n<meta property=\"og:description\" content=\"[vc_row][vc_column][vc_row_inner][vc_column_inner width=&#8221;1\/2&#8243;][vc_column_text]SPECIALIZED ULTRASOUND EXAMINATION OF THE EMBRYO IN THE FIRST TRIMESTER Ultrasound examination of the embryo to detect congenital developmental defects and chromosomal disorders. Nuchal translucency measurement performed by an accredited sonographer in the first trimester at our clinic, followed by a complete Sequential Integrated Screening Test. More information here.[\/vc_column_text][\/vc_column_inner][vc_column_inner width=&#8221;1\/2&#8243;][vc_column_text]SPECIALIZED ULTRASOUND EXAMINATION OF FETUS [&hellip;]\" \/>\n<meta property=\"og:url\" content=\"https:\/\/www.clg.cz\/en\/prenatal-care\/\" \/>\n<meta property=\"og:site_name\" content=\"Centrum l\u00e9ka\u0159sk\u00e9m genetiky - MUDr. David \u010cutka\" \/>\n<meta property=\"article:modified_time\" content=\"2019-10-07T11:46:44+00:00\" \/>\n<meta name=\"twitter:card\" content=\"summary_large_image\" \/>\n<meta name=\"twitter:label1\" content=\"Est. reading time\" \/>\n\t<meta name=\"twitter:data1\" content=\"2 minutes\" \/>\n<script type=\"application\/ld+json\" class=\"yoast-schema-graph\">{\"@context\":\"https:\\\/\\\/schema.org\",\"@graph\":[{\"@type\":\"WebPage\",\"@id\":\"https:\\\/\\\/www.clg.cz\\\/en\\\/prenatal-care\\\/\",\"url\":\"https:\\\/\\\/www.clg.cz\\\/en\\\/prenatal-care\\\/\",\"name\":\"Prenatal care - Centrum l\u00e9ka\u0159sk\u00e9m genetiky - MUDr. David \u010cutka\",\"isPartOf\":{\"@id\":\"https:\\\/\\\/www.clg.cz\\\/#website\"},\"datePublished\":\"2019-09-27T14:49:35+00:00\",\"dateModified\":\"2019-10-07T11:46:44+00:00\",\"breadcrumb\":{\"@id\":\"https:\\\/\\\/www.clg.cz\\\/en\\\/prenatal-care\\\/#breadcrumb\"},\"inLanguage\":\"en-US\",\"potentialAction\":[{\"@type\":\"ReadAction\",\"target\":[\"https:\\\/\\\/www.clg.cz\\\/en\\\/prenatal-care\\\/\"]}]},{\"@type\":\"BreadcrumbList\",\"@id\":\"https:\\\/\\\/www.clg.cz\\\/en\\\/prenatal-care\\\/#breadcrumb\",\"itemListElement\":[{\"@type\":\"ListItem\",\"position\":1,\"name\":\"Dom\u016f\",\"item\":\"https:\\\/\\\/www.clg.cz\\\/en\\\/\"},{\"@type\":\"ListItem\",\"position\":2,\"name\":\"Prenatal care\"}]},{\"@type\":\"WebSite\",\"@id\":\"https:\\\/\\\/www.clg.cz\\\/#website\",\"url\":\"https:\\\/\\\/www.clg.cz\\\/\",\"name\":\"Centrum l\u00e9ka\u0159sk\u00e9m genetiky - MUDr. Karel \u010cutka, MUDr. David \u010cutka\",\"description\":\"\",\"potentialAction\":[{\"@type\":\"SearchAction\",\"target\":{\"@type\":\"EntryPoint\",\"urlTemplate\":\"https:\\\/\\\/www.clg.cz\\\/?s={search_term_string}\"},\"query-input\":{\"@type\":\"PropertyValueSpecification\",\"valueRequired\":true,\"valueName\":\"search_term_string\"}}],\"inLanguage\":\"en-US\"}]}<\/script>\n<!-- \/ Yoast SEO plugin. -->","yoast_head_json":{"title":"Prenatal care - Centrum l\u00e9ka\u0159sk\u00e9m genetiky - MUDr. David \u010cutka","robots":{"index":"index","follow":"follow","max-snippet":"max-snippet:-1","max-image-preview":"max-image-preview:large","max-video-preview":"max-video-preview:-1"},"canonical":"https:\/\/www.clg.cz\/en\/prenatal-care\/","og_locale":"en_US","og_type":"article","og_title":"Prenatal care - Centrum l\u00e9ka\u0159sk\u00e9m genetiky - MUDr. David \u010cutka","og_description":"[vc_row][vc_column][vc_row_inner][vc_column_inner width=&#8221;1\/2&#8243;][vc_column_text]SPECIALIZED ULTRASOUND EXAMINATION OF THE EMBRYO IN THE FIRST TRIMESTER Ultrasound examination of the embryo to detect congenital developmental defects and chromosomal disorders. Nuchal translucency measurement performed by an accredited sonographer in the first trimester at our clinic, followed by a complete Sequential Integrated Screening Test. More information here.[\/vc_column_text][\/vc_column_inner][vc_column_inner width=&#8221;1\/2&#8243;][vc_column_text]SPECIALIZED ULTRASOUND EXAMINATION OF FETUS [&hellip;]","og_url":"https:\/\/www.clg.cz\/en\/prenatal-care\/","og_site_name":"Centrum l\u00e9ka\u0159sk\u00e9m genetiky - MUDr. David \u010cutka","article_modified_time":"2019-10-07T11:46:44+00:00","twitter_card":"summary_large_image","twitter_misc":{"Est. reading time":"2 minutes"},"schema":{"@context":"https:\/\/schema.org","@graph":[{"@type":"WebPage","@id":"https:\/\/www.clg.cz\/en\/prenatal-care\/","url":"https:\/\/www.clg.cz\/en\/prenatal-care\/","name":"Prenatal care - Centrum l\u00e9ka\u0159sk\u00e9m genetiky - MUDr. David \u010cutka","isPartOf":{"@id":"https:\/\/www.clg.cz\/#website"},"datePublished":"2019-09-27T14:49:35+00:00","dateModified":"2019-10-07T11:46:44+00:00","breadcrumb":{"@id":"https:\/\/www.clg.cz\/en\/prenatal-care\/#breadcrumb"},"inLanguage":"en-US","potentialAction":[{"@type":"ReadAction","target":["https:\/\/www.clg.cz\/en\/prenatal-care\/"]}]},{"@type":"BreadcrumbList","@id":"https:\/\/www.clg.cz\/en\/prenatal-care\/#breadcrumb","itemListElement":[{"@type":"ListItem","position":1,"name":"Dom\u016f","item":"https:\/\/www.clg.cz\/en\/"},{"@type":"ListItem","position":2,"name":"Prenatal care"}]},{"@type":"WebSite","@id":"https:\/\/www.clg.cz\/#website","url":"https:\/\/www.clg.cz\/","name":"Centrum l\u00e9ka\u0159sk\u00e9m genetiky - MUDr. Karel \u010cutka, MUDr. David \u010cutka","description":"","potentialAction":[{"@type":"SearchAction","target":{"@type":"EntryPoint","urlTemplate":"https:\/\/www.clg.cz\/?s={search_term_string}"},"query-input":{"@type":"PropertyValueSpecification","valueRequired":true,"valueName":"search_term_string"}}],"inLanguage":"en-US"}]}},"_links":{"self":[{"href":"https:\/\/www.clg.cz\/en\/wp-json\/wp\/v2\/pages\/3149","targetHints":{"allow":["GET"]}}],"collection":[{"href":"https:\/\/www.clg.cz\/en\/wp-json\/wp\/v2\/pages"}],"about":[{"href":"https:\/\/www.clg.cz\/en\/wp-json\/wp\/v2\/types\/page"}],"author":[{"embeddable":true,"href":"https:\/\/www.clg.cz\/en\/wp-json\/wp\/v2\/users\/6"}],"replies":[{"embeddable":true,"href":"https:\/\/www.clg.cz\/en\/wp-json\/wp\/v2\/comments?post=3149"}],"version-history":[{"count":3,"href":"https:\/\/www.clg.cz\/en\/wp-json\/wp\/v2\/pages\/3149\/revisions"}],"predecessor-version":[{"id":3226,"href":"https:\/\/www.clg.cz\/en\/wp-json\/wp\/v2\/pages\/3149\/revisions\/3226"}],"wp:attachment":[{"href":"https:\/\/www.clg.cz\/en\/wp-json\/wp\/v2\/media?parent=3149"}],"curies":[{"name":"wp","href":"https:\/\/api.w.org\/{rel}","templated":true}]}}