{"id":3189,"date":"2019-10-01T09:48:44","date_gmt":"2019-10-01T09:48:44","guid":{"rendered":"https:\/\/www.clg.cz\/?page_id=3189"},"modified":"2019-10-01T09:50:16","modified_gmt":"2019-10-01T09:50:16","slug":"laboratories","status":"publish","type":"page","link":"https:\/\/www.clg.cz\/en\/laboratories\/","title":{"rendered":"Laboratories"},"content":{"rendered":"<p>[vc_row full_width=&#8221;0&#8243; full_height=&#8221;0&#8243; particles=&#8221;0&#8243; css=&#8221;.vc_custom_1488801219297{padding-top: 50px !important;padding-bottom: 0px !important;}&#8221;][vc_column][vc_text_separator title=&#8221;Laboratories&#8221; title_align=&#8221;separator_align_left&#8221;][vc_column_text]<\/p>\n<div id=\"idTextPanel\" class=\"jqDnR\">\n<p>The laboratories of the Center for Medical Genetics are divided into two sections. They deal with cytogenetics, molecular cytogenetics, and molecular genetics. The Center for Medical Genetics actively monitors all trends and developments in the field of medical genetics. Employee education and training are parts of the fundamental methods to constantly improve the quality of care we provide to our patients.<\/p>\n<\/div>\n<p>[\/vc_column_text][vc_row_inner][vc_column_inner width=&#8221;1\/3&#8243;]<!-- ========================== TEASER BOX ==========================-->\n<div class=\"teaser_box wpb_content_element text-center  light_section    with_button    \">\n\n  <div class=\"figure transparent\">\n\n\n      <a href=\"https:\/\/www.clg.cz\/en\/nipt-non-invasive-prenatal-testing-laboratory\/\" debug title=\"\" target=\"\"> \n\n        \n         <div class=\"figure transparent stretchy_wrapper ratio_4-3\" style=\"background-image:url('https:\/\/www.clg.cz\/wp-content\/uploads\/2016\/12\/DSC_9885_laborator-e1488536521414.jpg')\"><\/div> \n        \n          \n\n        \n\n    <\/a>\n\n  <\/div>\n\n\n\n  <div class=\"content text-center boxed_special  with_button \">\n    \n    <div class=\"hgroup\">\n       <h4 class=\"neutralize_links\">\n        <a href=\"https:\/\/www.clg.cz\/en\/nipt-non-invasive-prenatal-testing-laboratory\/\"  target=\"\">\n       NIPT\n        <\/a>\n       <\/h4>\n       <p>Non-invasive prenatal testing<\/p> \n    <\/div>\n\n    \n\n    <div class=\"link centered\">\n        <a href=\"https:\/\/www.clg.cz\/en\/nipt-non-invasive-prenatal-testing-laboratory\/\"  target=\"\" class=\"btn btn-xs btn-primary\"><strong>more information<\/strong><\/a>\n    <\/div>\n\n  <\/div>\n\n<\/div>\n\n<!-- END======================= TEASER BOX ==========================-->[\/vc_column_inner][vc_column_inner width=&#8221;1\/3&#8243;]<!-- ========================== TEASER BOX ==========================-->\n<div class=\"teaser_box wpb_content_element text-center  light_section    with_button    \">\n\n  <div class=\"figure transparent\">\n\n\n      <a href=\"https:\/\/www.clg.cz\/en\/array-cgh-examination\/\" debug title=\"\" target=\"\"> \n\n        \n         <div class=\"figure transparent stretchy_wrapper ratio_4-3\" style=\"background-image:url('https:\/\/www.clg.cz\/wp-content\/uploads\/2018\/08\/Vy\u0161et\u0159en\u00ed-plodov\u00e9-vody.jpg')\"><\/div> \n        \n          \n\n        \n\n    <\/a>\n\n  <\/div>\n\n\n\n  <div class=\"content text-center boxed_special  with_button \">\n    \n    <div class=\"hgroup\">\n       <h4 class=\"neutralize_links\">\n        <a href=\"https:\/\/www.clg.cz\/en\/array-cgh-examination\/\"  target=\"\">\n       EXAMINATION OF AMNIOCENTHESIS\n        <\/a>\n       <\/h4>\n      \n    <\/div>\n\n    \n\n    <div class=\"link centered\">\n        <a href=\"https:\/\/www.clg.cz\/en\/array-cgh-examination\/\"  target=\"\" class=\"btn btn-xs btn-primary\"><strong>more information<\/strong><\/a>\n    <\/div>\n\n  <\/div>\n\n<\/div>\n\n<!-- END======================= TEASER BOX ==========================-->[\/vc_column_inner][vc_column_inner width=&#8221;1\/3&#8243;]<!-- ========================== TEASER BOX ==========================-->\n<div class=\"teaser_box wpb_content_element text-center  light_section    with_button    \">\n\n  <div class=\"figure transparent\">\n\n\n      <a href=\"https:\/\/www.clg.cz\/en\/preimplantation-genetic-testing\/\" debug title=\"\" target=\"\"> \n\n        \n         <div class=\"figure transparent stretchy_wrapper ratio_4-3\" style=\"background-image:url('https:\/\/www.clg.cz\/wp-content\/uploads\/2019\/09\/52734749_s.jpg')\"><\/div> \n        \n          \n\n        \n\n    <\/a>\n\n  <\/div>\n\n\n\n  <div class=\"content text-center boxed_special  with_button \">\n    \n    <div class=\"hgroup\">\n       <h4 class=\"neutralize_links\">\n        <a href=\"https:\/\/www.clg.cz\/en\/preimplantation-genetic-testing\/\"  target=\"\">\n       PREIMPLANTATION GENETIC DIAGNOSIS\n        <\/a>\n       <\/h4>\n      \n    <\/div>\n\n    \n\n    <div class=\"link centered\">\n        <a href=\"https:\/\/www.clg.cz\/en\/preimplantation-genetic-testing\/\"  target=\"\" class=\"btn btn-xs btn-primary\"><strong>more information<\/strong><\/a>\n    <\/div>\n\n  <\/div>\n\n<\/div>\n\n<!-- END======================= TEASER BOX ==========================-->[\/vc_column_inner][\/vc_row_inner][vc_row_inner][vc_column_inner width=&#8221;1\/3&#8243;]<!-- ========================== TEASER BOX ==========================-->\n<div class=\"teaser_box wpb_content_element text-center  light_section    with_button    \">\n\n  <div class=\"figure transparent\">\n\n\n      <a href=\"https:\/\/www.clg.cz\/en\/list-of-examinations-offered\/\" debug title=\"\" target=\"\"> \n\n        \n         <div class=\"figure transparent stretchy_wrapper ratio_4-3\" style=\"background-image:url('https:\/\/www.clg.cz\/wp-content\/uploads\/2018\/08\/Ostatn\u00ed-laboratorn\u00ed-vy\u0161et\u0159en\u00ed-001.jpg')\"><\/div> \n        \n          \n\n        \n\n    <\/a>\n\n  <\/div>\n\n\n\n  <div class=\"content text-center boxed_special  with_button \">\n    \n    <div class=\"hgroup\">\n       <h4 class=\"neutralize_links\">\n        <a href=\"https:\/\/www.clg.cz\/en\/list-of-examinations-offered\/\"  target=\"\">\n       OTHER LABORATORY EXAMINATIONS\n        <\/a>\n       <\/h4>\n      \n    <\/div>\n\n    \n\n    <div class=\"link centered\">\n        <a href=\"https:\/\/www.clg.cz\/en\/list-of-examinations-offered\/\"  target=\"\" class=\"btn btn-xs btn-primary\"><strong>more information<\/strong><\/a>\n    <\/div>\n\n  <\/div>\n\n<\/div>\n\n<!-- END======================= TEASER BOX ==========================-->[\/vc_column_inner][vc_column_inner width=&#8221;1\/3&#8243;]<!-- ========================== TEASER BOX ==========================-->\n<div class=\"teaser_box wpb_content_element text-center  light_section    with_button    \">\n\n  <div class=\"figure transparent\">\n\n\n      <a href=\"https:\/\/www.clg.cz\/en\/genetic-diagnosis-of-malignant-tumours\/\" debug title=\"\" target=\"\"> \n\n        \n         <div class=\"figure transparent stretchy_wrapper ratio_4-3\" style=\"background-image:url('https:\/\/www.clg.cz\/wp-content\/uploads\/2019\/09\/27915588_s.jpg')\"><\/div> \n        \n          \n\n        \n\n    <\/a>\n\n  <\/div>\n\n\n\n  <div class=\"content text-center boxed_special  with_button \">\n    \n    <div class=\"hgroup\">\n       <h4 class=\"neutralize_links\">\n        <a href=\"https:\/\/www.clg.cz\/en\/genetic-diagnosis-of-malignant-tumours\/\"  target=\"\">\n       DIAGNOSES OF MALIGNANT TUMORS\n        <\/a>\n       <\/h4>\n      \n    <\/div>\n\n    \n\n    <div class=\"link centered\">\n        <a href=\"https:\/\/www.clg.cz\/en\/genetic-diagnosis-of-malignant-tumours\/\"  target=\"\" class=\"btn btn-xs btn-primary\"><strong>more information<\/strong><\/a>\n    <\/div>\n\n  <\/div>\n\n<\/div>\n\n<!-- END======================= TEASER BOX ==========================-->[\/vc_column_inner][vc_column_inner width=&#8221;1\/3&#8243;][\/vc_column_inner][\/vc_row_inner]<div class=\"plethora_button wpb_content_element   text-center \">\n    <a href=\"https:\/\/www.clg.cz\/en\/provided-care\/\" debug class=\" btn btn-primary with-icon icon-left\" title=\"\"  target=\"_self\">\n\n         <i class=\"fa fa-star-o\"><\/i> \n        COMPLETE PROVIDED CARE AND SERVICES\n        \n\n    <\/a>\n<\/div>[\/vc_column][\/vc_row]<\/p>\n","protected":false},"excerpt":{"rendered":"<p>[vc_row full_width=&#8221;0&#8243; full_height=&#8221;0&#8243; particles=&#8221;0&#8243; css=&#8221;.vc_custom_1488801219297{padding-top: 50px !important;padding-bottom: 0px !important;}&#8221;][vc_column][vc_text_separator title=&#8221;Laboratories&#8221; title_align=&#8221;separator_align_left&#8221;][vc_column_text] The laboratories of the Center for Medical Genetics are divided into two sections. They deal with cytogenetics, molecular cytogenetics, and molecular genetics. The Center for Medical Genetics actively monitors all trends and developments in the field of medical genetics. Employee education and training are [&hellip;]<\/p>\n","protected":false},"author":6,"featured_media":0,"parent":0,"menu_order":0,"comment_status":"closed","ping_status":"closed","template":"","meta":{"footnotes":""},"class_list":["post-3189","page","type-page","status-publish","hentry"],"yoast_head":"<!-- This site is optimized with the Yoast SEO plugin v27.4 - https:\/\/yoast.com\/product\/yoast-seo-wordpress\/ -->\n<title>Laboratories - Centrum l\u00e9ka\u0159sk\u00e9m genetiky - MUDr. David \u010cutka<\/title>\n<meta name=\"robots\" content=\"index, follow, max-snippet:-1, max-image-preview:large, max-video-preview:-1\" \/>\n<link rel=\"canonical\" href=\"https:\/\/www.clg.cz\/en\/laboratories\/\" \/>\n<meta property=\"og:locale\" content=\"en_US\" \/>\n<meta property=\"og:type\" content=\"article\" \/>\n<meta property=\"og:title\" content=\"Laboratories - Centrum l\u00e9ka\u0159sk\u00e9m genetiky - MUDr. David \u010cutka\" \/>\n<meta property=\"og:description\" content=\"[vc_row full_width=&#8221;0&#8243; full_height=&#8221;0&#8243; particles=&#8221;0&#8243; css=&#8221;.vc_custom_1488801219297{padding-top: 50px !important;padding-bottom: 0px !important;}&#8221;][vc_column][vc_text_separator title=&#8221;Laboratories&#8221; title_align=&#8221;separator_align_left&#8221;][vc_column_text] The laboratories of the Center for Medical Genetics are divided into two sections. They deal with cytogenetics, molecular cytogenetics, and molecular genetics. The Center for Medical Genetics actively monitors all trends and developments in the field of medical genetics. Employee education and training are [&hellip;]\" \/>\n<meta property=\"og:url\" content=\"https:\/\/www.clg.cz\/en\/laboratories\/\" \/>\n<meta property=\"og:site_name\" content=\"Centrum l\u00e9ka\u0159sk\u00e9m genetiky - MUDr. David \u010cutka\" \/>\n<meta property=\"article:modified_time\" content=\"2019-10-01T09:50:16+00:00\" \/>\n<meta name=\"twitter:card\" content=\"summary_large_image\" \/>\n<meta name=\"twitter:label1\" content=\"Est. reading time\" \/>\n\t<meta name=\"twitter:data1\" content=\"2 minutes\" \/>\n<script type=\"application\/ld+json\" class=\"yoast-schema-graph\">{\"@context\":\"https:\\\/\\\/schema.org\",\"@graph\":[{\"@type\":\"WebPage\",\"@id\":\"https:\\\/\\\/www.clg.cz\\\/en\\\/laboratories\\\/\",\"url\":\"https:\\\/\\\/www.clg.cz\\\/en\\\/laboratories\\\/\",\"name\":\"Laboratories - Centrum l\u00e9ka\u0159sk\u00e9m genetiky - MUDr. David \u010cutka\",\"isPartOf\":{\"@id\":\"https:\\\/\\\/www.clg.cz\\\/#website\"},\"datePublished\":\"2019-10-01T09:48:44+00:00\",\"dateModified\":\"2019-10-01T09:50:16+00:00\",\"breadcrumb\":{\"@id\":\"https:\\\/\\\/www.clg.cz\\\/en\\\/laboratories\\\/#breadcrumb\"},\"inLanguage\":\"en-US\",\"potentialAction\":[{\"@type\":\"ReadAction\",\"target\":[\"https:\\\/\\\/www.clg.cz\\\/en\\\/laboratories\\\/\"]}]},{\"@type\":\"BreadcrumbList\",\"@id\":\"https:\\\/\\\/www.clg.cz\\\/en\\\/laboratories\\\/#breadcrumb\",\"itemListElement\":[{\"@type\":\"ListItem\",\"position\":1,\"name\":\"Dom\u016f\",\"item\":\"https:\\\/\\\/www.clg.cz\\\/en\\\/\"},{\"@type\":\"ListItem\",\"position\":2,\"name\":\"Laboratories\"}]},{\"@type\":\"WebSite\",\"@id\":\"https:\\\/\\\/www.clg.cz\\\/#website\",\"url\":\"https:\\\/\\\/www.clg.cz\\\/\",\"name\":\"Centrum l\u00e9ka\u0159sk\u00e9m genetiky - MUDr. Karel \u010cutka, MUDr. David \u010cutka\",\"description\":\"\",\"potentialAction\":[{\"@type\":\"SearchAction\",\"target\":{\"@type\":\"EntryPoint\",\"urlTemplate\":\"https:\\\/\\\/www.clg.cz\\\/?s={search_term_string}\"},\"query-input\":{\"@type\":\"PropertyValueSpecification\",\"valueRequired\":true,\"valueName\":\"search_term_string\"}}],\"inLanguage\":\"en-US\"}]}<\/script>\n<!-- \/ Yoast SEO plugin. -->","yoast_head_json":{"title":"Laboratories - Centrum l\u00e9ka\u0159sk\u00e9m genetiky - MUDr. David \u010cutka","robots":{"index":"index","follow":"follow","max-snippet":"max-snippet:-1","max-image-preview":"max-image-preview:large","max-video-preview":"max-video-preview:-1"},"canonical":"https:\/\/www.clg.cz\/en\/laboratories\/","og_locale":"en_US","og_type":"article","og_title":"Laboratories - Centrum l\u00e9ka\u0159sk\u00e9m genetiky - MUDr. David \u010cutka","og_description":"[vc_row full_width=&#8221;0&#8243; full_height=&#8221;0&#8243; particles=&#8221;0&#8243; css=&#8221;.vc_custom_1488801219297{padding-top: 50px !important;padding-bottom: 0px !important;}&#8221;][vc_column][vc_text_separator title=&#8221;Laboratories&#8221; title_align=&#8221;separator_align_left&#8221;][vc_column_text] The laboratories of the Center for Medical Genetics are divided into two sections. They deal with cytogenetics, molecular cytogenetics, and molecular genetics. The Center for Medical Genetics actively monitors all trends and developments in the field of medical genetics. Employee education and training are [&hellip;]","og_url":"https:\/\/www.clg.cz\/en\/laboratories\/","og_site_name":"Centrum l\u00e9ka\u0159sk\u00e9m genetiky - MUDr. David \u010cutka","article_modified_time":"2019-10-01T09:50:16+00:00","twitter_card":"summary_large_image","twitter_misc":{"Est. reading time":"2 minutes"},"schema":{"@context":"https:\/\/schema.org","@graph":[{"@type":"WebPage","@id":"https:\/\/www.clg.cz\/en\/laboratories\/","url":"https:\/\/www.clg.cz\/en\/laboratories\/","name":"Laboratories - Centrum l\u00e9ka\u0159sk\u00e9m genetiky - MUDr. David \u010cutka","isPartOf":{"@id":"https:\/\/www.clg.cz\/#website"},"datePublished":"2019-10-01T09:48:44+00:00","dateModified":"2019-10-01T09:50:16+00:00","breadcrumb":{"@id":"https:\/\/www.clg.cz\/en\/laboratories\/#breadcrumb"},"inLanguage":"en-US","potentialAction":[{"@type":"ReadAction","target":["https:\/\/www.clg.cz\/en\/laboratories\/"]}]},{"@type":"BreadcrumbList","@id":"https:\/\/www.clg.cz\/en\/laboratories\/#breadcrumb","itemListElement":[{"@type":"ListItem","position":1,"name":"Dom\u016f","item":"https:\/\/www.clg.cz\/en\/"},{"@type":"ListItem","position":2,"name":"Laboratories"}]},{"@type":"WebSite","@id":"https:\/\/www.clg.cz\/#website","url":"https:\/\/www.clg.cz\/","name":"Centrum l\u00e9ka\u0159sk\u00e9m genetiky - MUDr. Karel \u010cutka, MUDr. David \u010cutka","description":"","potentialAction":[{"@type":"SearchAction","target":{"@type":"EntryPoint","urlTemplate":"https:\/\/www.clg.cz\/?s={search_term_string}"},"query-input":{"@type":"PropertyValueSpecification","valueRequired":true,"valueName":"search_term_string"}}],"inLanguage":"en-US"}]}},"_links":{"self":[{"href":"https:\/\/www.clg.cz\/en\/wp-json\/wp\/v2\/pages\/3189","targetHints":{"allow":["GET"]}}],"collection":[{"href":"https:\/\/www.clg.cz\/en\/wp-json\/wp\/v2\/pages"}],"about":[{"href":"https:\/\/www.clg.cz\/en\/wp-json\/wp\/v2\/types\/page"}],"author":[{"embeddable":true,"href":"https:\/\/www.clg.cz\/en\/wp-json\/wp\/v2\/users\/6"}],"replies":[{"embeddable":true,"href":"https:\/\/www.clg.cz\/en\/wp-json\/wp\/v2\/comments?post=3189"}],"version-history":[{"count":3,"href":"https:\/\/www.clg.cz\/en\/wp-json\/wp\/v2\/pages\/3189\/revisions"}],"predecessor-version":[{"id":3192,"href":"https:\/\/www.clg.cz\/en\/wp-json\/wp\/v2\/pages\/3189\/revisions\/3192"}],"wp:attachment":[{"href":"https:\/\/www.clg.cz\/en\/wp-json\/wp\/v2\/media?parent=3189"}],"curies":[{"name":"wp","href":"https:\/\/api.w.org\/{rel}","templated":true}]}}