{"id":3716,"date":"2023-03-14T17:22:41","date_gmt":"2023-03-14T17:22:41","guid":{"rendered":"https:\/\/www.clg.cz\/akreditace\/"},"modified":"2026-04-22T07:07:50","modified_gmt":"2026-04-22T07:07:50","slug":"accreditation","status":"publish","type":"page","link":"https:\/\/www.clg.cz\/en\/accreditation\/","title":{"rendered":"Accreditation"},"content":{"rendered":"<p>[vc_row][vc_column][vc_text_separator title=&#8221;Accreditation of the Laboratory of Center for Medical Genetics Ltd.&#8221; title_align=&#8221;separator_align_left&#8221;][vc_column_text]Medical laboratory No. 8046 is accredited by the Czech Institute for Accreditation, o.p.s., according to the \u010cSN EN ISO 15189 ed.3:2023 standard.<\/p>\n<p><a href=\"https:\/\/www.clg.cz\/wp-content\/uploads\/2025\/11\/8046-Certificate-of-Accreditation.pdf\" target=\"_blank\" rel=\"noopener\">Certificate of accreditation for medical laboratory No. 8046<\/a><\/p>\n<p><a href=\"https:\/\/www.clg.cz\/wp-content\/uploads\/2026\/04\/8046-List-of-activities-within-FRA_20.04.2026.pdf\" target=\"_blank\" rel=\"noopener\">List of activities within the flexible scope of accreditation<\/a>[\/vc_column_text][vc_empty_space][vc_text_separator title=&#8221;Accreditation of specialized education&#8221; title_align=&#8221;separator_align_left&#8221;][vc_column_text]<a href=\"https:\/\/www.clg.cz\/wp-content\/uploads\/2023\/11\/Accreditation-of-specialized-education-in-Medical-Genetics.pdf\" target=\"_blank\" rel=\"noopener\">Accreditation of specialized education in Medical Genetics\u00a0<\/a><\/p>\n<p><a href=\"https:\/\/www.clg.cz\/wp-content\/uploads\/2023\/11\/Accreditation-of-specialized-education-for-lab-workers-in-laboratory-methods-and-the-preparation-of-medicinal-products-\u2013-Clinical-Genetics.pdf\" target=\"_blank\" rel=\"noopener\">Accreditation of specialized education for lab-workers in laboratory methods and the preparation of medicinal products \u2013 Clinical Genetics<\/a><br \/>\n[\/vc_column_text][\/vc_column][\/vc_row]<\/p>\n","protected":false},"excerpt":{"rendered":"<p>[vc_row][vc_column][vc_text_separator title=&#8221;Accreditation of the Laboratory of Center for Medical Genetics Ltd.&#8221; title_align=&#8221;separator_align_left&#8221;][vc_column_text]Medical laboratory No. 8046 is accredited by the Czech Institute for Accreditation, o.p.s., according to the \u010cSN EN ISO 15189 ed.3:2023 standard. Certificate of accreditation for medical laboratory No. 8046 List of activities within the flexible scope of accreditation[\/vc_column_text][vc_empty_space][vc_text_separator title=&#8221;Accreditation of specialized education&#8221; title_align=&#8221;separator_align_left&#8221;][vc_column_text]Accreditation [&hellip;]<\/p>\n","protected":false},"author":6,"featured_media":0,"parent":0,"menu_order":0,"comment_status":"closed","ping_status":"closed","template":"","meta":{"footnotes":""},"class_list":["post-3716","page","type-page","status-publish","hentry"],"yoast_head":"<!-- This site is optimized with the Yoast SEO plugin v27.4 - https:\/\/yoast.com\/product\/yoast-seo-wordpress\/ -->\n<title>Accreditation - Centrum l\u00e9ka\u0159sk\u00e9m genetiky - MUDr. David \u010cutka<\/title>\n<meta name=\"robots\" content=\"index, follow, max-snippet:-1, max-image-preview:large, max-video-preview:-1\" \/>\n<link rel=\"canonical\" href=\"https:\/\/www.clg.cz\/en\/accreditation\/\" \/>\n<meta property=\"og:locale\" content=\"en_US\" \/>\n<meta property=\"og:type\" content=\"article\" \/>\n<meta property=\"og:title\" content=\"Accreditation - Centrum l\u00e9ka\u0159sk\u00e9m genetiky - MUDr. David \u010cutka\" \/>\n<meta property=\"og:description\" content=\"[vc_row][vc_column][vc_text_separator title=&#8221;Accreditation of the Laboratory of Center for Medical Genetics Ltd.&#8221; title_align=&#8221;separator_align_left&#8221;][vc_column_text]Medical laboratory No. 8046 is accredited by the Czech Institute for Accreditation, o.p.s., according to the \u010cSN EN ISO 15189 ed.3:2023 standard. Certificate of accreditation for medical laboratory No. 8046 List of activities within the flexible scope of accreditation[\/vc_column_text][vc_empty_space][vc_text_separator title=&#8221;Accreditation of specialized education&#8221; title_align=&#8221;separator_align_left&#8221;][vc_column_text]Accreditation [&hellip;]\" \/>\n<meta property=\"og:url\" content=\"https:\/\/www.clg.cz\/en\/accreditation\/\" \/>\n<meta property=\"og:site_name\" content=\"Centrum l\u00e9ka\u0159sk\u00e9m genetiky - MUDr. David \u010cutka\" \/>\n<meta property=\"article:modified_time\" content=\"2026-04-22T07:07:50+00:00\" \/>\n<meta name=\"twitter:card\" content=\"summary_large_image\" \/>\n<meta name=\"twitter:label1\" content=\"Est. reading time\" \/>\n\t<meta name=\"twitter:data1\" content=\"1 minute\" \/>\n<script type=\"application\/ld+json\" class=\"yoast-schema-graph\">{\"@context\":\"https:\\\/\\\/schema.org\",\"@graph\":[{\"@type\":\"WebPage\",\"@id\":\"https:\\\/\\\/www.clg.cz\\\/en\\\/accreditation\\\/\",\"url\":\"https:\\\/\\\/www.clg.cz\\\/en\\\/accreditation\\\/\",\"name\":\"Accreditation - Centrum l\u00e9ka\u0159sk\u00e9m genetiky - MUDr. David \u010cutka\",\"isPartOf\":{\"@id\":\"https:\\\/\\\/www.clg.cz\\\/#website\"},\"datePublished\":\"2023-03-14T17:22:41+00:00\",\"dateModified\":\"2026-04-22T07:07:50+00:00\",\"breadcrumb\":{\"@id\":\"https:\\\/\\\/www.clg.cz\\\/en\\\/accreditation\\\/#breadcrumb\"},\"inLanguage\":\"en-US\",\"potentialAction\":[{\"@type\":\"ReadAction\",\"target\":[\"https:\\\/\\\/www.clg.cz\\\/en\\\/accreditation\\\/\"]}]},{\"@type\":\"BreadcrumbList\",\"@id\":\"https:\\\/\\\/www.clg.cz\\\/en\\\/accreditation\\\/#breadcrumb\",\"itemListElement\":[{\"@type\":\"ListItem\",\"position\":1,\"name\":\"Dom\u016f\",\"item\":\"https:\\\/\\\/www.clg.cz\\\/en\\\/\"},{\"@type\":\"ListItem\",\"position\":2,\"name\":\"Accreditation\"}]},{\"@type\":\"WebSite\",\"@id\":\"https:\\\/\\\/www.clg.cz\\\/#website\",\"url\":\"https:\\\/\\\/www.clg.cz\\\/\",\"name\":\"Centrum l\u00e9ka\u0159sk\u00e9m genetiky - MUDr. Karel \u010cutka, MUDr. David \u010cutka\",\"description\":\"\",\"potentialAction\":[{\"@type\":\"SearchAction\",\"target\":{\"@type\":\"EntryPoint\",\"urlTemplate\":\"https:\\\/\\\/www.clg.cz\\\/?s={search_term_string}\"},\"query-input\":{\"@type\":\"PropertyValueSpecification\",\"valueRequired\":true,\"valueName\":\"search_term_string\"}}],\"inLanguage\":\"en-US\"}]}<\/script>\n<!-- \/ Yoast SEO plugin. -->","yoast_head_json":{"title":"Accreditation - Centrum l\u00e9ka\u0159sk\u00e9m genetiky - MUDr. David \u010cutka","robots":{"index":"index","follow":"follow","max-snippet":"max-snippet:-1","max-image-preview":"max-image-preview:large","max-video-preview":"max-video-preview:-1"},"canonical":"https:\/\/www.clg.cz\/en\/accreditation\/","og_locale":"en_US","og_type":"article","og_title":"Accreditation - Centrum l\u00e9ka\u0159sk\u00e9m genetiky - MUDr. David \u010cutka","og_description":"[vc_row][vc_column][vc_text_separator title=&#8221;Accreditation of the Laboratory of Center for Medical Genetics Ltd.&#8221; title_align=&#8221;separator_align_left&#8221;][vc_column_text]Medical laboratory No. 8046 is accredited by the Czech Institute for Accreditation, o.p.s., according to the \u010cSN EN ISO 15189 ed.3:2023 standard. Certificate of accreditation for medical laboratory No. 8046 List of activities within the flexible scope of accreditation[\/vc_column_text][vc_empty_space][vc_text_separator title=&#8221;Accreditation of specialized education&#8221; title_align=&#8221;separator_align_left&#8221;][vc_column_text]Accreditation [&hellip;]","og_url":"https:\/\/www.clg.cz\/en\/accreditation\/","og_site_name":"Centrum l\u00e9ka\u0159sk\u00e9m genetiky - MUDr. David \u010cutka","article_modified_time":"2026-04-22T07:07:50+00:00","twitter_card":"summary_large_image","twitter_misc":{"Est. reading time":"1 minute"},"schema":{"@context":"https:\/\/schema.org","@graph":[{"@type":"WebPage","@id":"https:\/\/www.clg.cz\/en\/accreditation\/","url":"https:\/\/www.clg.cz\/en\/accreditation\/","name":"Accreditation - Centrum l\u00e9ka\u0159sk\u00e9m genetiky - MUDr. David \u010cutka","isPartOf":{"@id":"https:\/\/www.clg.cz\/#website"},"datePublished":"2023-03-14T17:22:41+00:00","dateModified":"2026-04-22T07:07:50+00:00","breadcrumb":{"@id":"https:\/\/www.clg.cz\/en\/accreditation\/#breadcrumb"},"inLanguage":"en-US","potentialAction":[{"@type":"ReadAction","target":["https:\/\/www.clg.cz\/en\/accreditation\/"]}]},{"@type":"BreadcrumbList","@id":"https:\/\/www.clg.cz\/en\/accreditation\/#breadcrumb","itemListElement":[{"@type":"ListItem","position":1,"name":"Dom\u016f","item":"https:\/\/www.clg.cz\/en\/"},{"@type":"ListItem","position":2,"name":"Accreditation"}]},{"@type":"WebSite","@id":"https:\/\/www.clg.cz\/#website","url":"https:\/\/www.clg.cz\/","name":"Centrum l\u00e9ka\u0159sk\u00e9m genetiky - MUDr. Karel \u010cutka, MUDr. David \u010cutka","description":"","potentialAction":[{"@type":"SearchAction","target":{"@type":"EntryPoint","urlTemplate":"https:\/\/www.clg.cz\/?s={search_term_string}"},"query-input":{"@type":"PropertyValueSpecification","valueRequired":true,"valueName":"search_term_string"}}],"inLanguage":"en-US"}]}},"_links":{"self":[{"href":"https:\/\/www.clg.cz\/en\/wp-json\/wp\/v2\/pages\/3716","targetHints":{"allow":["GET"]}}],"collection":[{"href":"https:\/\/www.clg.cz\/en\/wp-json\/wp\/v2\/pages"}],"about":[{"href":"https:\/\/www.clg.cz\/en\/wp-json\/wp\/v2\/types\/page"}],"author":[{"embeddable":true,"href":"https:\/\/www.clg.cz\/en\/wp-json\/wp\/v2\/users\/6"}],"replies":[{"embeddable":true,"href":"https:\/\/www.clg.cz\/en\/wp-json\/wp\/v2\/comments?post=3716"}],"version-history":[{"count":21,"href":"https:\/\/www.clg.cz\/en\/wp-json\/wp\/v2\/pages\/3716\/revisions"}],"predecessor-version":[{"id":4012,"href":"https:\/\/www.clg.cz\/en\/wp-json\/wp\/v2\/pages\/3716\/revisions\/4012"}],"wp:attachment":[{"href":"https:\/\/www.clg.cz\/en\/wp-json\/wp\/v2\/media?parent=3716"}],"curies":[{"name":"wp","href":"https:\/\/api.w.org\/{rel}","templated":true}]}}